{"id":513,"date":"2022-01-03T15:05:32","date_gmt":"2022-01-03T15:05:32","guid":{"rendered":"https:\/\/excavacionsdelacalle.com\/politica-privacidad\/"},"modified":"2022-01-03T15:05:32","modified_gmt":"2022-01-03T15:05:32","slug":"politica-privacidad","status":"publish","type":"page","link":"https:\/\/excavacionsdelacalle.com\/ru\/politica-privacidad\/","title":{"rendered":"Pol\u00edtica de privacidad"},"content":{"rendered":"\t\t<div data-elementor-type=\"wp-page\" data-elementor-id=\"513\" class=\"elementor elementor-513 elementor-3\" data-elementor-post-type=\"page\">\n\t\t\t\t\t\t<section class=\"elementor-section elementor-top-section elementor-element elementor-element-5bba0c53 elementor-section-boxed elementor-section-height-default elementor-section-height-default\" data-id=\"5bba0c53\" data-element_type=\"section\">\n\t\t\t\t\t\t<div class=\"elementor-container elementor-column-gap-default\">\n\t\t\t\t\t<div class=\"elementor-column elementor-col-100 elementor-top-column elementor-element elementor-element-264ec008\" data-id=\"264ec008\" data-element_type=\"column\">\n\t\t\t<div class=\"elementor-widget-wrap elementor-element-populated\">\n\t\t\t\t\t\t<div class=\"elementor-element elementor-element-63b85275 elementor-widget elementor-widget-text-editor\" data-id=\"63b85275\" data-element_type=\"widget\" data-widget_type=\"text-editor.default\">\n\t\t\t\t<div class=\"elementor-widget-container\">\n\t\t\t\t\t\t\t\t\t<h2>Responsable.<\/h2><p>Empresa: <strong>MOVIMIENTO DE TIERRAS HERMANOS DE LA CALLE SLU<\/strong>.\u00a0<br \/>CIF B17399718<br \/>Dir. Postal: C. POLIOL, 10\u00a0 &#8212; 17486 CASTELLO D&#8217;EMPURIES &#8212; (GIRONA).<br \/>E-mail: info@excavacionsdelacalle.com<\/p><h2>Finalidad del tratamiento de sus datos personales.<\/h2><p>Trataremos sus datos de car\u00e1cter personal facilitados a trav\u00e9s de nuestros formularios web para:<\/p><ul><li>Atender a las solicitudes, quejas e incidencias trasladadas a trav\u00e9s de nuestros canales de contacto incorporados en la p\u00e1gina web.<\/li><li>Entender el comportamiento del navegante dentro de la web con el fin de detectar posibles ataques inform\u00e1ticos a nuestra web.<\/li><li>Cumplir con las obligaciones legales que nos resulten directamente aplicables y regulen nuestra actividad.<\/li><li>Para proteger y ejercer nuestros derechos o responder ante reclamaciones de cualquier \u00edndole.<\/li><li>En su caso, env\u00edo de comunicaciones comerciales relativas a los bienes o servicios que conforman nuestra actividad., y\/o noticias o boletines relacionados con nuestro sector.<\/li><li>Gestionar y enviarle el presupuesto solicitado.<\/li><li>Gestionamos sus datos para programar la cita solicitada.<\/li><li>Gestionar, administrar, supervisar su actividad en el blog\/foro incorporado.<\/li><li>Clientes<\/li><\/ul><ul><li>Trataremos sus datos de car\u00e1cter personal facilitados a trav\u00e9s de nuestros formularios web para:<\/li><\/ul><ul><li style=\"list-style-type: none;\"><ul><li>La gesti\u00f3n de la relaci\u00f3n comercial.<\/li><li>La prestaci\u00f3n de los servicios que nos haya contratado.<\/li><li>Gestiones relacionadas con el env\u00edo y recepci\u00f3n del producto adquirido a trav\u00e9s de esta p\u00e1gina web.<\/li><li>La gesti\u00f3n administrativa, contable y fiscal.<\/li><li>Atender a las solicitudes, quejas e incidencias trasladadas a trav\u00e9s de nuestros canales de contacto incorporados en la p\u00e1gina web.<\/li><li>Entender el comportamiento del navegante dentro de la web con el fin de detectar posibles ataques inform\u00e1ticos a nuestra web.<\/li><li>En su caso, env\u00edo de comunicaciones comerciales relativas a los bienes o servicios que conforman nuestra actividad., y\/o noticias o boletines relacionados con nuestro sector.<\/li><li>Cumplir con las obligaciones legales que nos resulten directamente aplicables y regulen nuestra actividad.<\/li><li>Para proteger y ejercer nuestros derechos o responder ante reclamaciones de cualquier \u00edndole.<\/li><\/ul><\/li><\/ul><h2>Base jur\u00eddica del tratamiento.<\/h2><ul><li>USUARIOS\/NAVEGANTES EN LA P\u00c1GINA WEB DEL RESPONSABLE.<ul><li>En el consentimiento que nos has prestado para tratar tus datos con las finalidades indicadas. La negativa a facilitar sus datos personales conllevara la imposibilidad de tratar sus datos con las finalidades mencionadas.<\/li><li>Para cumplir con las obligaciones legales que se nos aplican. En este caso, el interesado no podr\u00e1 negarse al tratamiento de los datos personales.<\/li><li>En nuestro inter\u00e9s leg\u00edtimo de proteger nuestra imagen, negocio y trayectoria evitando ataques a nuestra p\u00e1gina web. En este caso, el interesado no podr\u00e1 negarse al tratamiento de los datos personales, aunque podr\u00e1 ejercer, en su caso, los derechos reconocidos en el apartado octavos de la presente pol\u00edtica<\/li><\/ul><\/li><li>CLIENTES<ul><li>Ejecuci\u00f3n de un contrato en el que sea parte o aplicaci\u00f3n de medias precontractuales. La negativa a facilitar sus datos personales conllevara la imposibilidad de tratar sus datos con las finalidades mencionadas.<\/li><li>En el consentimiento que nos has prestado para tratar tus datos respecto de las finalidades ajenas al desarrollo o ejecuci\u00f3n del contrato existente. La negativa a facilitar sus datos personales conllevara la imposibilidad de tratar sus datos con las finalidades mencionadas.<\/li><li>Para cumplir con las obligaciones legales que se nos aplican. En este caso, el interesado no podr\u00e1 negarse al tratamiento de los datos personales.<\/li><li>En nuestro inter\u00e9s leg\u00edtimo de proteger nuestra imagen, negocio y trayectoria evitando ataques a nuestra p\u00e1gina web. En este caso, el interesado no podr\u00e1 negarse al tratamiento de los datos personales, aunque podr\u00e1 ejercer, en su caso, los derechos reconocidos en el apartado octavos de la presente pol\u00edtica.<\/li><\/ul><\/li><\/ul><h2>Plazos o criterios de conservaci\u00f3n de los datos.<\/h2><p><em><u>Periodo de bloqueo de los datos:<\/u><\/em><\/p><ul><li>EL C\u00d3DIGO CIVIL.\u00a0 Entre 5 o 15 a\u00f1os seg\u00fan el caso, atendiendo a lo dispuesto en el art\u00edculo 1964.2 del cuerpo legal mencionado.<\/li><li>EL C\u00d3DIGO DEL COMERCIO. Durante 6 a\u00f1os, atendiendo ha dispuesto en el art\u00edculo 30 del cuerpo legal mencionado. Se aplica respecto de la informaci\u00f3n mercantil relacionada con (facturas emitidas y recibidas, tickets, facturas rectificativas, documentos bancarios, etc.).<\/li><li>LA LEY GENERAL TRIBUTARIA. Durante 4 a\u00f1os atendiendo ha dispuesto en los art\u00edculos 66 a 70 del cuerpo legal mencionado. Se aplica a la informaci\u00f3n relacionada con las obligaciones fiscales.<\/li><li>LEY 10\/2010, DE 28 DE ABRIL, DE PREVENCI\u00d3N DEL BLANQUEO DE CAPITALES Y DE LA FINANCIACI\u00d3N DEL TERRORISMO. Durante 10 a\u00f1os atendiendo a lo dispuesto en 25 de la ley.<\/li><\/ul><h2>Decisiones automatizadas y elaboraci\u00f3n de perfiles.<\/h2><p>La p\u00e1gina web no toma decisiones automatizadas ni elabora perfiles.<\/p><h2>Destinatarios.<\/h2><p>Durante el periodo de duraci\u00f3n del tratamiento de sus datos personales, organizaci\u00f3n podr\u00e1 ceder sus datos a los siguientes destinatarios:<\/p><ul><li>Jueces y Tribunales.<\/li><li>Fuerzas y Cuerpos de Seguridad del Estado.<\/li><li>Otras autoridades u organismos p\u00fablicos competentes, cuando el responsable tenga la obligaci\u00f3n legal de facilitar los datos personales.<\/li><\/ul><h2>Transferencias internacionales de datos.<\/h2><p>La organizaci\u00f3n no realiza Transferencia Internacional de Datos alguna.<\/p><h2>Derechos.<\/h2><p>Los interesados podr\u00e1n ejercer en cualquier momento y de forma totalmente gratuita los derechos de acceso, rectificaci\u00f3n y supresi\u00f3n, as\u00ed como solicitar que se limite el tratamiento de sus datos personales, oponerse al mismo, solicitar la portabilidad de estos (siempre que sea t\u00e9cnicamente posible) o retirar el consentimiento prestado, y en su caso, cuando proceda, a no ser objeto de una decisi\u00f3n basada \u00fanicamente en un tratamiento automatizado, incluido la elaboraci\u00f3n de perfiles.\u00a0<\/p><p>Para ello podr\u00e1 emplear los formularios habilitados por la organizaci\u00f3n, o bien dirigir un escrito a la direcci\u00f3n postal o correo electr\u00f3nico arriba indicadas. En cualquier caso, su solicitud deber\u00e1 acompa\u00f1arse de una fotocopia de su D.N.I. o documento equivalente, con la finalidad de acreditar su identidad.\u00a0<\/p><p>En caso de que sienta vulnerados sus derechos en lo concerniente a la protecci\u00f3n de sus datos personales, especialmente cuando no haya obtenido satisfacci\u00f3n en el ejercicio de sus derechos, puede presentar una reclamaci\u00f3n ante la Autoridad de Control en materia de Protecci\u00f3n de Datos competente (Agencia Espa\u00f1ola de Protecci\u00f3n de Datos), a trav\u00e9s de su sitio web: www.agpd.es.<\/p><p>En cumplimiento de lo dispuesto en el art\u00edculo 21 de la Ley 34\/2002 de servicios de la sociedad de la informaci\u00f3n y comercio electr\u00f3nico, si usted no desea recibir m\u00e1s informaci\u00f3n sobre nuestros servicios, puede darse de baja enviando un correo electr\u00f3nico a la direcci\u00f3n info@excavacionsdelacalle.com, con asunto \u201cBAJAS\u201d o bien haciendo click en el apartado del correo *para darse de baja*.<\/p><h2>Veracidad de los datos.<\/h2><p>El interesado garantiza que los datos aportados son verdaderos, exactos, completos y se encuentran actualizados; comprometi\u00e9ndose a informar de cualquier cambio respecto de los datos que aportara, por los canales habilitados al efecto e indicados en el punto uno de la presente pol\u00edtica. Ser\u00e1 responsable de cualquier da\u00f1o o perjuicio, tanto directo como indirecto, que pudiera ocasionar como consecuencia del incumplimiento de la presente obligaci\u00f3n.<\/p><p>En el supuesto de que el usuario facilite datos de terceros, declara que cuenta con el consentimiento de los interesados y se compromete a trasladarle la informaci\u00f3n contenida en esta cl\u00e1usula, eximiendo a la organizaci\u00f3n de cualquier responsabilidad derivada por la falta de cumplimiento de la presente obligaci\u00f3n.<\/p><h2>Formulario de contacto.<\/h2><p><strong>Informaci\u00f3n b\u00e1sica en protecci\u00f3n de datos.-<\/strong> Conforme al RGPD y la LOPDGDD, <strong>MOVIMIENTO DE TIERRAS HERMANOS DE LA CALLE SLU<\/strong>. tratar\u00e1 los datos facilitados, con la finalidad de contestar las dudas y\/o quejas planteadas a trav\u00e9s del presente formulario y facilitar la informaci\u00f3n solicitada. Siempre que nos lo autorice previamente, enviaremos informaci\u00f3n relacionada con [la actividad\/ los productos\/ los servicios] ofrecidos por <strong>MOVIMIENTO DE TIERRAS HERMANOS DE LA CALLE SLU<\/strong>. el [grupo] Podr\u00e1 ejercer, si lo desea, los derechos de acceso, rectificaci\u00f3n, supresi\u00f3n, y dem\u00e1s reconocidos en la normativa mencionada. Para obtener m\u00e1s informaci\u00f3n acerca de c\u00f3mo estamos tratando sus datos, acceda a nuestra pol\u00edtica de privacidad.<\/p>\t\t\t\t\t\t\t\t<\/div>\n\t\t\t\t<\/div>\n\t\t\t\t\t<\/div>\n\t\t<\/div>\n\t\t\t\t\t<\/div>\n\t\t<\/section>\n\t\t\t\t<\/div>\n\t\t","protected":false},"excerpt":{"rendered":"<p>Responsable. Empresa: MOVIMIENTO DE TIERRAS HERMANOS DE LA CALLE SLU.&nbsp; CIF B17399718 Dir. Postal: C. POLIOL, 10&nbsp; &#8212; 17486 CASTELLO D&#8217;EMPURIES &#8212; (GIRONA). E-mail: info@excavacionsdelacalle.com Finalidad del tratamiento de sus datos personales. Trataremos sus datos de car\u00e1cter personal facilitados a trav\u00e9s de nuestros formularios web para: Atender a las solicitudes, quejas e incidencias trasladadas a &#8230; <a title=\"Pol\u00edtica de privacidad\" class=\"read-more\" href=\"https:\/\/excavacionsdelacalle.com\/ru\/politica-privacidad\/\" aria-label=\"\u041f\u0440\u043e\u0447\u0438\u0442\u0430\u0442\u044c \u0431\u043e\u043b\u044c\u0448\u0435 \u043e Pol\u00edtica de privacidad\">\u0427\u0438\u0442\u0430\u0442\u044c \u0434\u0430\u043b\u0435\u0435<\/a><\/p>\n","protected":false},"author":1,"featured_media":0,"parent":0,"menu_order":0,"comment_status":"closed","ping_status":"open","template":"","meta":{"footnotes":""},"class_list":["post-513","page","type-page","status-publish"],"yoast_head":"<!-- This site is optimized with the Yoast SEO plugin v26.8 - https:\/\/yoast.com\/product\/yoast-seo-wordpress\/ -->\n<title>Pol\u00edtica de privacidad - Excavacions de la Calle<\/title>\n<meta name=\"robots\" content=\"index, follow, max-snippet:-1, max-image-preview:large, max-video-preview:-1\" \/>\n<link rel=\"canonical\" href=\"https:\/\/excavacionsdelacalle.com\/ru\/politica-privacidad\/\" \/>\n<meta property=\"og:locale\" content=\"ru_RU\" \/>\n<meta property=\"og:type\" content=\"article\" \/>\n<meta property=\"og:title\" content=\"Pol\u00edtica de privacidad - Excavacions de la Calle\" \/>\n<meta property=\"og:description\" content=\"Responsable. Empresa: MOVIMIENTO DE TIERRAS HERMANOS DE LA CALLE SLU.&nbsp; CIF B17399718 Dir. Postal: C. POLIOL, 10&nbsp; &#8212; 17486 CASTELLO D&#8217;EMPURIES &#8212; (GIRONA). E-mail: info@excavacionsdelacalle.com Finalidad del tratamiento de sus datos personales. Trataremos sus datos de car\u00e1cter personal facilitados a trav\u00e9s de nuestros formularios web para: Atender a las solicitudes, quejas e incidencias trasladadas a ... \u0427\u0438\u0442\u0430\u0442\u044c \u0434\u0430\u043b\u0435\u0435\" \/>\n<meta property=\"og:url\" content=\"https:\/\/excavacionsdelacalle.com\/ru\/politica-privacidad\/\" \/>\n<meta property=\"og:site_name\" content=\"Excavacions de la Calle\" \/>\n<meta name=\"twitter:card\" content=\"summary_large_image\" \/>\n<meta name=\"twitter:label1\" content=\"\u041f\u0440\u0438\u043c\u0435\u0440\u043d\u043e\u0435 \u0432\u0440\u0435\u043c\u044f \u0434\u043b\u044f \u0447\u0442\u0435\u043d\u0438\u044f\" \/>\n\t<meta name=\"twitter:data1\" content=\"7 \u043c\u0438\u043d\u0443\u0442\" \/>\n<script type=\"application\/ld+json\" class=\"yoast-schema-graph\">{\"@context\":\"https:\/\/schema.org\",\"@graph\":[{\"@type\":\"WebPage\",\"@id\":\"https:\/\/excavacionsdelacalle.com\/ru\/politica-privacidad\/\",\"url\":\"https:\/\/excavacionsdelacalle.com\/ru\/politica-privacidad\/\",\"name\":\"Pol\u00edtica de privacidad - Excavacions de la Calle\",\"isPartOf\":{\"@id\":\"https:\/\/excavacionsdelacalle.com\/ru\/#website\"},\"datePublished\":\"2022-01-03T15:05:32+00:00\",\"breadcrumb\":{\"@id\":\"https:\/\/excavacionsdelacalle.com\/ru\/politica-privacidad\/#breadcrumb\"},\"inLanguage\":\"ru-RU\",\"potentialAction\":[{\"@type\":\"ReadAction\",\"target\":[\"https:\/\/excavacionsdelacalle.com\/ru\/politica-privacidad\/\"]}]},{\"@type\":\"BreadcrumbList\",\"@id\":\"https:\/\/excavacionsdelacalle.com\/ru\/politica-privacidad\/#breadcrumb\",\"itemListElement\":[{\"@type\":\"ListItem\",\"position\":1,\"name\":\"Portada\",\"item\":\"https:\/\/excavacionsdelacalle.com\/ru\/%d0%b3%d0%bb%d0%b0%d0%b2%d0%bd%d0%b0%d1%8f\/\"},{\"@type\":\"ListItem\",\"position\":2,\"name\":\"Pol\u00edtica de privacidad\"}]},{\"@type\":\"WebSite\",\"@id\":\"https:\/\/excavacionsdelacalle.com\/ru\/#website\",\"url\":\"https:\/\/excavacionsdelacalle.com\/ru\/\",\"name\":\"Excavacions de la Calle\",\"description\":\"Derribos escombros fundamentaci\u00f3n rebajes piedra piscinas.\",\"publisher\":{\"@id\":\"https:\/\/excavacionsdelacalle.com\/ru\/#organization\"},\"potentialAction\":[{\"@type\":\"SearchAction\",\"target\":{\"@type\":\"EntryPoint\",\"urlTemplate\":\"https:\/\/excavacionsdelacalle.com\/ru\/?s={search_term_string}\"},\"query-input\":{\"@type\":\"PropertyValueSpecification\",\"valueRequired\":true,\"valueName\":\"search_term_string\"}}],\"inLanguage\":\"ru-RU\"},{\"@type\":\"Organization\",\"@id\":\"https:\/\/excavacionsdelacalle.com\/ru\/#organization\",\"name\":\"Excavaciones de la calle\",\"url\":\"https:\/\/excavacionsdelacalle.com\/ru\/\",\"logo\":{\"@type\":\"ImageObject\",\"inLanguage\":\"ru-RU\",\"@id\":\"https:\/\/excavacionsdelacalle.com\/ru\/#\/schema\/logo\/image\/\",\"url\":\"https:\/\/excavacionsdelacalle.com\/wp-content\/uploads\/2022\/01\/logo-excavacions.png\",\"contentUrl\":\"https:\/\/excavacionsdelacalle.com\/wp-content\/uploads\/2022\/01\/logo-excavacions.png\",\"width\":250,\"height\":77,\"caption\":\"Excavaciones de la calle\"},\"image\":{\"@id\":\"https:\/\/excavacionsdelacalle.com\/ru\/#\/schema\/logo\/image\/\"}}]}<\/script>\n<!-- \/ Yoast SEO plugin. -->","yoast_head_json":{"title":"Pol\u00edtica de privacidad - Excavacions de la Calle","robots":{"index":"index","follow":"follow","max-snippet":"max-snippet:-1","max-image-preview":"max-image-preview:large","max-video-preview":"max-video-preview:-1"},"canonical":"https:\/\/excavacionsdelacalle.com\/ru\/politica-privacidad\/","og_locale":"ru_RU","og_type":"article","og_title":"Pol\u00edtica de privacidad - Excavacions de la Calle","og_description":"Responsable. Empresa: MOVIMIENTO DE TIERRAS HERMANOS DE LA CALLE SLU.&nbsp; CIF B17399718 Dir. Postal: C. POLIOL, 10&nbsp; &#8212; 17486 CASTELLO D&#8217;EMPURIES &#8212; (GIRONA). E-mail: info@excavacionsdelacalle.com Finalidad del tratamiento de sus datos personales. Trataremos sus datos de car\u00e1cter personal facilitados a trav\u00e9s de nuestros formularios web para: Atender a las solicitudes, quejas e incidencias trasladadas a ... \u0427\u0438\u0442\u0430\u0442\u044c \u0434\u0430\u043b\u0435\u0435","og_url":"https:\/\/excavacionsdelacalle.com\/ru\/politica-privacidad\/","og_site_name":"Excavacions de la Calle","twitter_card":"summary_large_image","twitter_misc":{"\u041f\u0440\u0438\u043c\u0435\u0440\u043d\u043e\u0435 \u0432\u0440\u0435\u043c\u044f \u0434\u043b\u044f \u0447\u0442\u0435\u043d\u0438\u044f":"7 \u043c\u0438\u043d\u0443\u0442"},"schema":{"@context":"https:\/\/schema.org","@graph":[{"@type":"WebPage","@id":"https:\/\/excavacionsdelacalle.com\/ru\/politica-privacidad\/","url":"https:\/\/excavacionsdelacalle.com\/ru\/politica-privacidad\/","name":"Pol\u00edtica de privacidad - Excavacions de la Calle","isPartOf":{"@id":"https:\/\/excavacionsdelacalle.com\/ru\/#website"},"datePublished":"2022-01-03T15:05:32+00:00","breadcrumb":{"@id":"https:\/\/excavacionsdelacalle.com\/ru\/politica-privacidad\/#breadcrumb"},"inLanguage":"ru-RU","potentialAction":[{"@type":"ReadAction","target":["https:\/\/excavacionsdelacalle.com\/ru\/politica-privacidad\/"]}]},{"@type":"BreadcrumbList","@id":"https:\/\/excavacionsdelacalle.com\/ru\/politica-privacidad\/#breadcrumb","itemListElement":[{"@type":"ListItem","position":1,"name":"Portada","item":"https:\/\/excavacionsdelacalle.com\/ru\/%d0%b3%d0%bb%d0%b0%d0%b2%d0%bd%d0%b0%d1%8f\/"},{"@type":"ListItem","position":2,"name":"Pol\u00edtica de privacidad"}]},{"@type":"WebSite","@id":"https:\/\/excavacionsdelacalle.com\/ru\/#website","url":"https:\/\/excavacionsdelacalle.com\/ru\/","name":"Excavacions de la Calle","description":"Derribos escombros fundamentaci\u00f3n rebajes piedra piscinas.","publisher":{"@id":"https:\/\/excavacionsdelacalle.com\/ru\/#organization"},"potentialAction":[{"@type":"SearchAction","target":{"@type":"EntryPoint","urlTemplate":"https:\/\/excavacionsdelacalle.com\/ru\/?s={search_term_string}"},"query-input":{"@type":"PropertyValueSpecification","valueRequired":true,"valueName":"search_term_string"}}],"inLanguage":"ru-RU"},{"@type":"Organization","@id":"https:\/\/excavacionsdelacalle.com\/ru\/#organization","name":"Excavaciones de la calle","url":"https:\/\/excavacionsdelacalle.com\/ru\/","logo":{"@type":"ImageObject","inLanguage":"ru-RU","@id":"https:\/\/excavacionsdelacalle.com\/ru\/#\/schema\/logo\/image\/","url":"https:\/\/excavacionsdelacalle.com\/wp-content\/uploads\/2022\/01\/logo-excavacions.png","contentUrl":"https:\/\/excavacionsdelacalle.com\/wp-content\/uploads\/2022\/01\/logo-excavacions.png","width":250,"height":77,"caption":"Excavaciones de la calle"},"image":{"@id":"https:\/\/excavacionsdelacalle.com\/ru\/#\/schema\/logo\/image\/"}}]}},"_links":{"self":[{"href":"https:\/\/excavacionsdelacalle.com\/ru\/wp-json\/wp\/v2\/pages\/513","targetHints":{"allow":["GET"]}}],"collection":[{"href":"https:\/\/excavacionsdelacalle.com\/ru\/wp-json\/wp\/v2\/pages"}],"about":[{"href":"https:\/\/excavacionsdelacalle.com\/ru\/wp-json\/wp\/v2\/types\/page"}],"author":[{"embeddable":true,"href":"https:\/\/excavacionsdelacalle.com\/ru\/wp-json\/wp\/v2\/users\/1"}],"replies":[{"embeddable":true,"href":"https:\/\/excavacionsdelacalle.com\/ru\/wp-json\/wp\/v2\/comments?post=513"}],"version-history":[{"count":0,"href":"https:\/\/excavacionsdelacalle.com\/ru\/wp-json\/wp\/v2\/pages\/513\/revisions"}],"wp:attachment":[{"href":"https:\/\/excavacionsdelacalle.com\/ru\/wp-json\/wp\/v2\/media?parent=513"}],"curies":[{"name":"wp","href":"https:\/\/api.w.org\/{rel}","templated":true}]}}