{"id":516,"date":"2022-01-03T16:10:44","date_gmt":"2022-01-03T16:10:44","guid":{"rendered":"https:\/\/excavacionsdelacalle.com\/entreprise\/"},"modified":"2022-07-28T15:18:59","modified_gmt":"2022-07-28T15:18:59","slug":"entreprise","status":"publish","type":"page","link":"https:\/\/excavacionsdelacalle.com\/fr\/entreprise\/","title":{"rendered":"Entreprise"},"content":{"rendered":"\t\t<div data-elementor-type=\"wp-page\" data-elementor-id=\"516\" class=\"elementor elementor-516 elementor-20\" data-elementor-post-type=\"page\">\n\t\t\t\t\t\t<section class=\"elementor-section elementor-top-section elementor-element elementor-element-9c857c7 elementor-section-height-min-height elementor-section-boxed elementor-section-height-default elementor-section-items-middle\" data-id=\"9c857c7\" data-element_type=\"section\" data-settings=\"{&quot;background_background&quot;:&quot;classic&quot;}\">\n\t\t\t\t\t\t\t<div class=\"elementor-background-overlay\"><\/div>\n\t\t\t\t\t\t\t<div class=\"elementor-container elementor-column-gap-default\">\n\t\t\t\t\t<div class=\"elementor-column elementor-col-100 elementor-top-column elementor-element elementor-element-97e6709\" data-id=\"97e6709\" data-element_type=\"column\">\n\t\t\t<div class=\"elementor-widget-wrap elementor-element-populated\">\n\t\t\t\t\t\t<div class=\"elementor-element elementor-element-7925f89 elementor-widget elementor-widget-heading\" data-id=\"7925f89\" data-element_type=\"widget\" data-widget_type=\"heading.default\">\n\t\t\t\t<div class=\"elementor-widget-container\">\n\t\t\t\t\t<h1 class=\"elementor-heading-title elementor-size-default\">Excavaciones de la calle<\/h1>\t\t\t\t<\/div>\n\t\t\t\t<\/div>\n\t\t\t\t\t<\/div>\n\t\t<\/div>\n\t\t\t\t\t<\/div>\n\t\t<\/section>\n\t\t\t\t<section class=\"elementor-section elementor-top-section elementor-element elementor-element-954c61b elementor-section-boxed elementor-section-height-default elementor-section-height-default\" data-id=\"954c61b\" data-element_type=\"section\">\n\t\t\t\t\t\t<div class=\"elementor-container elementor-column-gap-default\">\n\t\t\t\t\t<div class=\"elementor-column elementor-col-50 elementor-top-column elementor-element elementor-element-de54ceb\" data-id=\"de54ceb\" data-element_type=\"column\">\n\t\t\t<div class=\"elementor-widget-wrap elementor-element-populated\">\n\t\t\t\t\t\t<div class=\"elementor-element elementor-element-0991c3e elementor-widget elementor-widget-heading\" data-id=\"0991c3e\" data-element_type=\"widget\" data-widget_type=\"heading.default\">\n\t\t\t\t<div class=\"elementor-widget-container\">\n\t\t\t\t\t<h2 class=\"elementor-heading-title elementor-size-default\">\u00c0 propos de nous<\/h2>\t\t\t\t<\/div>\n\t\t\t\t<\/div>\n\t\t\t\t<div class=\"elementor-element elementor-element-77a3ba5 elementor-widget elementor-widget-text-editor\" data-id=\"77a3ba5\" data-element_type=\"widget\" data-widget_type=\"text-editor.default\">\n\t\t\t\t<div class=\"elementor-widget-container\">\n\t\t\t\t\t\t\t\t\t<p>Movimientos de tierra Hnos. de la Calle est une entreprise familiale situ\u00e9e \u00e0 Castell\u00f3 d&rsquo;Emp\u00faries avec plus de 30 ans d&rsquo;exp\u00e9rience dans le secteur de la construction, qui s\u00b4a elle-m\u00eame \u00e9tablie comme l&rsquo;une des plus grandes entreprises \u00e0 l&rsquo;Alt Empord\u00e0. Pendant ce temps, nous nous s\u00f4mmes sp\u00e9cialis\u00e9s dans le domaine de travaux d\u00b4 excavation et pour avoir une vari\u00e9t\u00e9 d\u00b4\u00e9quipements pour faire de petits travaux comme le cas d&rsquo;une piscine avec de l\u00e9g\u00e8res machines comme aussi faire de grands travaux de terrassement, renfoncement en pierre et de d\u00e9molitions.<\/p><p>Excavaciones de tierra Hnos. de la Calle a beaucoup de personnel qualifi\u00e9 et \u00e9quipements sp\u00e9cialis\u00e9s pour tous les types de travaux : travaux de terrassement, le nivellement et le compactage des sols, excavation au-dessous de la nappe phr\u00e9atique, palplanches, renfoncement de terres et de pierre, de machines de d\u00e9molition, r\u00e9cipients de rune, extraction d\u00b4amiante-ciment ou d\u00b4amiante, travaux publics et civils, r\u00e9paration de l&rsquo;asphalte, le transport de granulats (le transport de mat\u00e9riaux en vrac), des foss\u00e9s, des puits, des piscines et des services de jardinage.<\/p>\t\t\t\t\t\t\t\t<\/div>\n\t\t\t\t<\/div>\n\t\t\t\t\t<\/div>\n\t\t<\/div>\n\t\t\t\t<div class=\"elementor-column elementor-col-50 elementor-top-column elementor-element elementor-element-d541433\" data-id=\"d541433\" data-element_type=\"column\">\n\t\t\t<div class=\"elementor-widget-wrap elementor-element-populated\">\n\t\t\t\t\t\t<div class=\"elementor-element elementor-element-876ebb3 elementor-widget elementor-widget-image\" data-id=\"876ebb3\" data-element_type=\"widget\" data-widget_type=\"image.default\">\n\t\t\t\t<div class=\"elementor-widget-container\">\n\t\t\t\t\t\t\t\t\t\t\t\t\t\t\t<img fetchpriority=\"high\" decoding=\"async\" width=\"750\" height=\"563\" src=\"https:\/\/excavacionsdelacalle.com\/wp-content\/uploads\/2022\/01\/rebaix_terra2.jpg\" class=\"attachment-large size-large wp-image-430\" alt=\"\" srcset=\"https:\/\/excavacionsdelacalle.com\/wp-content\/uploads\/2022\/01\/rebaix_terra2.jpg 750w, https:\/\/excavacionsdelacalle.com\/wp-content\/uploads\/2022\/01\/rebaix_terra2-300x225.jpg 300w\" sizes=\"(max-width: 750px) 100vw, 750px\" \/>\t\t\t\t\t\t\t\t\t\t\t\t\t\t\t<\/div>\n\t\t\t\t<\/div>\n\t\t\t\t\t<\/div>\n\t\t<\/div>\n\t\t\t\t\t<\/div>\n\t\t<\/section>\n\t\t\t\t<section class=\"elementor-section elementor-top-section elementor-element elementor-element-332265b elementor-section-boxed elementor-section-height-default elementor-section-height-default\" data-id=\"332265b\" data-element_type=\"section\" data-settings=\"{&quot;background_background&quot;:&quot;classic&quot;}\">\n\t\t\t\t\t\t<div class=\"elementor-container elementor-column-gap-default\">\n\t\t\t\t\t<div class=\"elementor-column elementor-col-33 elementor-top-column elementor-element elementor-element-1170874\" data-id=\"1170874\" data-element_type=\"column\">\n\t\t\t<div class=\"elementor-widget-wrap elementor-element-populated\">\n\t\t\t\t\t\t<div class=\"elementor-element elementor-element-8bd64fa elementor-position-top elementor-widget elementor-widget-image-box\" data-id=\"8bd64fa\" data-element_type=\"widget\" data-widget_type=\"image-box.default\">\n\t\t\t\t<div class=\"elementor-widget-container\">\n\t\t\t\t\t<div class=\"elementor-image-box-wrapper\"><figure class=\"elementor-image-box-img\"><a href=\"https:\/\/excavacionsdelacalle.com\/fr\/travail-effectue\/\" tabindex=\"-1\"><img decoding=\"async\" width=\"480\" height=\"406\" src=\"https:\/\/excavacionsdelacalle.com\/wp-content\/uploads\/2022\/01\/inici-treballs.jpg\" class=\"attachment-full size-full wp-image-73\" alt=\"\" srcset=\"https:\/\/excavacionsdelacalle.com\/wp-content\/uploads\/2022\/01\/inici-treballs.jpg 480w, https:\/\/excavacionsdelacalle.com\/wp-content\/uploads\/2022\/01\/inici-treballs-300x254.jpg 300w\" sizes=\"(max-width: 480px) 100vw, 480px\" \/><\/a><\/figure><div class=\"elementor-image-box-content\"><h3 class=\"elementor-image-box-title\"><a href=\"https:\/\/excavacionsdelacalle.com\/fr\/travail-effectue\/\">Travail effectu\u00e9<\/a><\/h3><\/div><\/div>\t\t\t\t<\/div>\n\t\t\t\t<\/div>\n\t\t\t\t\t<\/div>\n\t\t<\/div>\n\t\t\t\t<div class=\"elementor-column elementor-col-33 elementor-top-column elementor-element elementor-element-95e2796\" data-id=\"95e2796\" data-element_type=\"column\">\n\t\t\t<div class=\"elementor-widget-wrap elementor-element-populated\">\n\t\t\t\t\t\t<div class=\"elementor-element elementor-element-0f5fd0c elementor-position-top elementor-widget elementor-widget-image-box\" data-id=\"0f5fd0c\" data-element_type=\"widget\" data-widget_type=\"image-box.default\">\n\t\t\t\t<div class=\"elementor-widget-container\">\n\t\t\t\t\t<div class=\"elementor-image-box-wrapper\"><figure class=\"elementor-image-box-img\"><a href=\"https:\/\/excavacionsdelacalle.com\/fr\/machinerie\/\" tabindex=\"-1\"><img decoding=\"async\" width=\"480\" height=\"406\" src=\"https:\/\/excavacionsdelacalle.com\/wp-content\/uploads\/2022\/01\/inici-maquinaria.jpg\" class=\"attachment-full size-full wp-image-72\" alt=\"\" srcset=\"https:\/\/excavacionsdelacalle.com\/wp-content\/uploads\/2022\/01\/inici-maquinaria.jpg 480w, https:\/\/excavacionsdelacalle.com\/wp-content\/uploads\/2022\/01\/inici-maquinaria-300x254.jpg 300w\" sizes=\"(max-width: 480px) 100vw, 480px\" \/><\/a><\/figure><div class=\"elementor-image-box-content\"><h3 class=\"elementor-image-box-title\"><a href=\"https:\/\/excavacionsdelacalle.com\/fr\/machinerie\/\">Machinerie<\/a><\/h3><\/div><\/div>\t\t\t\t<\/div>\n\t\t\t\t<\/div>\n\t\t\t\t\t<\/div>\n\t\t<\/div>\n\t\t\t\t<div class=\"elementor-column elementor-col-33 elementor-top-column elementor-element elementor-element-bbc1687\" data-id=\"bbc1687\" data-element_type=\"column\">\n\t\t\t<div class=\"elementor-widget-wrap elementor-element-populated\">\n\t\t\t\t\t\t<div class=\"elementor-element elementor-element-b378b93 elementor-position-top elementor-widget elementor-widget-image-box\" data-id=\"b378b93\" data-element_type=\"widget\" data-widget_type=\"image-box.default\">\n\t\t\t\t<div class=\"elementor-widget-container\">\n\t\t\t\t\t<div class=\"elementor-image-box-wrapper\"><figure class=\"elementor-image-box-img\"><a href=\"https:\/\/excavacionsdelacalle.com\/fr\/contact\/\" tabindex=\"-1\"><img loading=\"lazy\" decoding=\"async\" width=\"480\" height=\"406\" src=\"https:\/\/excavacionsdelacalle.com\/wp-content\/uploads\/2022\/01\/inici-contacto.jpg\" class=\"attachment-full size-full wp-image-164\" alt=\"\" srcset=\"https:\/\/excavacionsdelacalle.com\/wp-content\/uploads\/2022\/01\/inici-contacto.jpg 480w, https:\/\/excavacionsdelacalle.com\/wp-content\/uploads\/2022\/01\/inici-contacto-300x254.jpg 300w\" sizes=\"(max-width: 480px) 100vw, 480px\" \/><\/a><\/figure><div class=\"elementor-image-box-content\"><h3 class=\"elementor-image-box-title\"><a href=\"https:\/\/excavacionsdelacalle.com\/fr\/contact\/\">O\u00f9 sommes-nous<\/a><\/h3><\/div><\/div>\t\t\t\t<\/div>\n\t\t\t\t<\/div>\n\t\t\t\t\t<\/div>\n\t\t<\/div>\n\t\t\t\t\t<\/div>\n\t\t<\/section>\n\t\t\t\t<\/div>\n\t\t","protected":false},"excerpt":{"rendered":"<p>Excavaciones de la calle \u00c0 propos de nous Movimientos de tierra Hnos. de la Calle est une entreprise familiale situ\u00e9e \u00e0 Castell\u00f3 d&rsquo;Emp\u00faries avec plus de 30 ans d&rsquo;exp\u00e9rience dans le secteur de la construction, qui s\u00b4a elle-m\u00eame \u00e9tablie comme l&rsquo;une des plus grandes entreprises \u00e0 l&rsquo;Alt Empord\u00e0. Pendant ce temps, nous nous s\u00f4mmes sp\u00e9cialis\u00e9s &#8230; <a title=\"Entreprise\" class=\"read-more\" href=\"https:\/\/excavacionsdelacalle.com\/fr\/entreprise\/\" aria-label=\"En savoir plus sur Entreprise\">Lire la suite<\/a><\/p>\n","protected":false},"author":1,"featured_media":0,"parent":0,"menu_order":0,"comment_status":"closed","ping_status":"closed","template":"","meta":{"footnotes":""},"class_list":["post-516","page","type-page","status-publish"],"yoast_head":"<!-- This site is optimized with the Yoast SEO plugin v26.8 - https:\/\/yoast.com\/product\/yoast-seo-wordpress\/ -->\n<title>Entreprise - Excavacions de la Calle<\/title>\n<meta name=\"description\" content=\"Movimientos de tierra Hnos. de la Calle est une entreprise familiale situ\u00e9e \u00e0 Castell\u00f3 d&#039;Emp\u00faries avec une exp\u00e9rience dans le secteur de la construction\" \/>\n<meta name=\"robots\" content=\"index, follow, max-snippet:-1, max-image-preview:large, max-video-preview:-1\" \/>\n<link rel=\"canonical\" href=\"https:\/\/excavacionsdelacalle.com\/fr\/entreprise\/\" \/>\n<meta property=\"og:locale\" content=\"fr_FR\" \/>\n<meta property=\"og:type\" content=\"article\" \/>\n<meta property=\"og:title\" content=\"Entreprise - Excavacions de la Calle\" \/>\n<meta property=\"og:description\" content=\"Movimientos de tierra Hnos. de la Calle est une entreprise familiale situ\u00e9e \u00e0 Castell\u00f3 d&#039;Emp\u00faries avec une exp\u00e9rience dans le secteur de la construction\" \/>\n<meta property=\"og:url\" content=\"https:\/\/excavacionsdelacalle.com\/fr\/entreprise\/\" \/>\n<meta property=\"og:site_name\" content=\"Excavacions de la Calle\" \/>\n<meta property=\"article:modified_time\" content=\"2022-07-28T15:18:59+00:00\" \/>\n<meta property=\"og:image\" content=\"https:\/\/excavacionsdelacalle.com\/wp-content\/uploads\/2022\/01\/rebaix_terra2.jpg\" \/>\n<meta name=\"twitter:card\" content=\"summary_large_image\" \/>\n<meta name=\"twitter:label1\" content=\"Dur\u00e9e de lecture estim\u00e9e\" \/>\n\t<meta name=\"twitter:data1\" content=\"1 minute\" \/>\n<script type=\"application\/ld+json\" class=\"yoast-schema-graph\">{\"@context\":\"https:\/\/schema.org\",\"@graph\":[{\"@type\":\"WebPage\",\"@id\":\"https:\/\/excavacionsdelacalle.com\/fr\/entreprise\/\",\"url\":\"https:\/\/excavacionsdelacalle.com\/fr\/entreprise\/\",\"name\":\"Entreprise - Excavacions de la Calle\",\"isPartOf\":{\"@id\":\"https:\/\/excavacionsdelacalle.com\/fr\/#website\"},\"primaryImageOfPage\":{\"@id\":\"https:\/\/excavacionsdelacalle.com\/fr\/entreprise\/#primaryimage\"},\"image\":{\"@id\":\"https:\/\/excavacionsdelacalle.com\/fr\/entreprise\/#primaryimage\"},\"thumbnailUrl\":\"https:\/\/excavacionsdelacalle.com\/wp-content\/uploads\/2022\/01\/rebaix_terra2.jpg\",\"datePublished\":\"2022-01-03T16:10:44+00:00\",\"dateModified\":\"2022-07-28T15:18:59+00:00\",\"description\":\"Movimientos de tierra Hnos. de la Calle est une entreprise familiale situ\u00e9e \u00e0 Castell\u00f3 d'Emp\u00faries avec une exp\u00e9rience dans le secteur de la construction\",\"breadcrumb\":{\"@id\":\"https:\/\/excavacionsdelacalle.com\/fr\/entreprise\/#breadcrumb\"},\"inLanguage\":\"fr-FR\",\"potentialAction\":[{\"@type\":\"ReadAction\",\"target\":[\"https:\/\/excavacionsdelacalle.com\/fr\/entreprise\/\"]}]},{\"@type\":\"ImageObject\",\"inLanguage\":\"fr-FR\",\"@id\":\"https:\/\/excavacionsdelacalle.com\/fr\/entreprise\/#primaryimage\",\"url\":\"https:\/\/excavacionsdelacalle.com\/wp-content\/uploads\/2022\/01\/rebaix_terra2.jpg\",\"contentUrl\":\"https:\/\/excavacionsdelacalle.com\/wp-content\/uploads\/2022\/01\/rebaix_terra2.jpg\"},{\"@type\":\"BreadcrumbList\",\"@id\":\"https:\/\/excavacionsdelacalle.com\/fr\/entreprise\/#breadcrumb\",\"itemListElement\":[{\"@type\":\"ListItem\",\"position\":1,\"name\":\"Portada\",\"item\":\"https:\/\/excavacionsdelacalle.com\/fr\/accueil\/\"},{\"@type\":\"ListItem\",\"position\":2,\"name\":\"Entreprise\"}]},{\"@type\":\"WebSite\",\"@id\":\"https:\/\/excavacionsdelacalle.com\/fr\/#website\",\"url\":\"https:\/\/excavacionsdelacalle.com\/fr\/\",\"name\":\"Excavacions de la Calle\",\"description\":\"Derribos escombros fundamentaci\u00f3n rebajes piedra piscinas.\",\"publisher\":{\"@id\":\"https:\/\/excavacionsdelacalle.com\/fr\/#organization\"},\"potentialAction\":[{\"@type\":\"SearchAction\",\"target\":{\"@type\":\"EntryPoint\",\"urlTemplate\":\"https:\/\/excavacionsdelacalle.com\/fr\/?s={search_term_string}\"},\"query-input\":{\"@type\":\"PropertyValueSpecification\",\"valueRequired\":true,\"valueName\":\"search_term_string\"}}],\"inLanguage\":\"fr-FR\"},{\"@type\":\"Organization\",\"@id\":\"https:\/\/excavacionsdelacalle.com\/fr\/#organization\",\"name\":\"Excavaciones de la calle\",\"url\":\"https:\/\/excavacionsdelacalle.com\/fr\/\",\"logo\":{\"@type\":\"ImageObject\",\"inLanguage\":\"fr-FR\",\"@id\":\"https:\/\/excavacionsdelacalle.com\/fr\/#\/schema\/logo\/image\/\",\"url\":\"https:\/\/excavacionsdelacalle.com\/wp-content\/uploads\/2022\/01\/logo-excavacions.png\",\"contentUrl\":\"https:\/\/excavacionsdelacalle.com\/wp-content\/uploads\/2022\/01\/logo-excavacions.png\",\"width\":250,\"height\":77,\"caption\":\"Excavaciones de la calle\"},\"image\":{\"@id\":\"https:\/\/excavacionsdelacalle.com\/fr\/#\/schema\/logo\/image\/\"}}]}<\/script>\n<!-- \/ Yoast SEO plugin. -->","yoast_head_json":{"title":"Entreprise - Excavacions de la Calle","description":"Movimientos de tierra Hnos. de la Calle est une entreprise familiale situ\u00e9e \u00e0 Castell\u00f3 d'Emp\u00faries avec une exp\u00e9rience dans le secteur de la construction","robots":{"index":"index","follow":"follow","max-snippet":"max-snippet:-1","max-image-preview":"max-image-preview:large","max-video-preview":"max-video-preview:-1"},"canonical":"https:\/\/excavacionsdelacalle.com\/fr\/entreprise\/","og_locale":"fr_FR","og_type":"article","og_title":"Entreprise - Excavacions de la Calle","og_description":"Movimientos de tierra Hnos. de la Calle est une entreprise familiale situ\u00e9e \u00e0 Castell\u00f3 d'Emp\u00faries avec une exp\u00e9rience dans le secteur de la construction","og_url":"https:\/\/excavacionsdelacalle.com\/fr\/entreprise\/","og_site_name":"Excavacions de la Calle","article_modified_time":"2022-07-28T15:18:59+00:00","og_image":[{"url":"https:\/\/excavacionsdelacalle.com\/wp-content\/uploads\/2022\/01\/rebaix_terra2.jpg","type":"","width":"","height":""}],"twitter_card":"summary_large_image","twitter_misc":{"Dur\u00e9e de lecture estim\u00e9e":"1 minute"},"schema":{"@context":"https:\/\/schema.org","@graph":[{"@type":"WebPage","@id":"https:\/\/excavacionsdelacalle.com\/fr\/entreprise\/","url":"https:\/\/excavacionsdelacalle.com\/fr\/entreprise\/","name":"Entreprise - Excavacions de la Calle","isPartOf":{"@id":"https:\/\/excavacionsdelacalle.com\/fr\/#website"},"primaryImageOfPage":{"@id":"https:\/\/excavacionsdelacalle.com\/fr\/entreprise\/#primaryimage"},"image":{"@id":"https:\/\/excavacionsdelacalle.com\/fr\/entreprise\/#primaryimage"},"thumbnailUrl":"https:\/\/excavacionsdelacalle.com\/wp-content\/uploads\/2022\/01\/rebaix_terra2.jpg","datePublished":"2022-01-03T16:10:44+00:00","dateModified":"2022-07-28T15:18:59+00:00","description":"Movimientos de tierra Hnos. de la Calle est une entreprise familiale situ\u00e9e \u00e0 Castell\u00f3 d'Emp\u00faries avec une exp\u00e9rience dans le secteur de la construction","breadcrumb":{"@id":"https:\/\/excavacionsdelacalle.com\/fr\/entreprise\/#breadcrumb"},"inLanguage":"fr-FR","potentialAction":[{"@type":"ReadAction","target":["https:\/\/excavacionsdelacalle.com\/fr\/entreprise\/"]}]},{"@type":"ImageObject","inLanguage":"fr-FR","@id":"https:\/\/excavacionsdelacalle.com\/fr\/entreprise\/#primaryimage","url":"https:\/\/excavacionsdelacalle.com\/wp-content\/uploads\/2022\/01\/rebaix_terra2.jpg","contentUrl":"https:\/\/excavacionsdelacalle.com\/wp-content\/uploads\/2022\/01\/rebaix_terra2.jpg"},{"@type":"BreadcrumbList","@id":"https:\/\/excavacionsdelacalle.com\/fr\/entreprise\/#breadcrumb","itemListElement":[{"@type":"ListItem","position":1,"name":"Portada","item":"https:\/\/excavacionsdelacalle.com\/fr\/accueil\/"},{"@type":"ListItem","position":2,"name":"Entreprise"}]},{"@type":"WebSite","@id":"https:\/\/excavacionsdelacalle.com\/fr\/#website","url":"https:\/\/excavacionsdelacalle.com\/fr\/","name":"Excavacions de la Calle","description":"Derribos escombros fundamentaci\u00f3n rebajes piedra piscinas.","publisher":{"@id":"https:\/\/excavacionsdelacalle.com\/fr\/#organization"},"potentialAction":[{"@type":"SearchAction","target":{"@type":"EntryPoint","urlTemplate":"https:\/\/excavacionsdelacalle.com\/fr\/?s={search_term_string}"},"query-input":{"@type":"PropertyValueSpecification","valueRequired":true,"valueName":"search_term_string"}}],"inLanguage":"fr-FR"},{"@type":"Organization","@id":"https:\/\/excavacionsdelacalle.com\/fr\/#organization","name":"Excavaciones de la calle","url":"https:\/\/excavacionsdelacalle.com\/fr\/","logo":{"@type":"ImageObject","inLanguage":"fr-FR","@id":"https:\/\/excavacionsdelacalle.com\/fr\/#\/schema\/logo\/image\/","url":"https:\/\/excavacionsdelacalle.com\/wp-content\/uploads\/2022\/01\/logo-excavacions.png","contentUrl":"https:\/\/excavacionsdelacalle.com\/wp-content\/uploads\/2022\/01\/logo-excavacions.png","width":250,"height":77,"caption":"Excavaciones de la calle"},"image":{"@id":"https:\/\/excavacionsdelacalle.com\/fr\/#\/schema\/logo\/image\/"}}]}},"_links":{"self":[{"href":"https:\/\/excavacionsdelacalle.com\/fr\/wp-json\/wp\/v2\/pages\/516","targetHints":{"allow":["GET"]}}],"collection":[{"href":"https:\/\/excavacionsdelacalle.com\/fr\/wp-json\/wp\/v2\/pages"}],"about":[{"href":"https:\/\/excavacionsdelacalle.com\/fr\/wp-json\/wp\/v2\/types\/page"}],"author":[{"embeddable":true,"href":"https:\/\/excavacionsdelacalle.com\/fr\/wp-json\/wp\/v2\/users\/1"}],"replies":[{"embeddable":true,"href":"https:\/\/excavacionsdelacalle.com\/fr\/wp-json\/wp\/v2\/comments?post=516"}],"version-history":[{"count":3,"href":"https:\/\/excavacionsdelacalle.com\/fr\/wp-json\/wp\/v2\/pages\/516\/revisions"}],"predecessor-version":[{"id":691,"href":"https:\/\/excavacionsdelacalle.com\/fr\/wp-json\/wp\/v2\/pages\/516\/revisions\/691"}],"wp:attachment":[{"href":"https:\/\/excavacionsdelacalle.com\/fr\/wp-json\/wp\/v2\/media?parent=516"}],"curies":[{"name":"wp","href":"https:\/\/api.w.org\/{rel}","templated":true}]}}