{"id":509,"date":"2022-01-05T11:42:54","date_gmt":"2022-01-05T11:42:54","guid":{"rendered":"https:\/\/excavacionsdelacalle.com\/politica-de-cookies\/"},"modified":"2022-01-05T11:42:54","modified_gmt":"2022-01-05T11:42:54","slug":"politica-de-cookies","status":"publish","type":"page","link":"https:\/\/excavacionsdelacalle.com\/ca\/politica-de-cookies\/","title":{"rendered":"Pol\u00edtica de cookies"},"content":{"rendered":"\t\t<div data-elementor-type=\"wp-page\" data-elementor-id=\"509\" class=\"elementor elementor-509 elementor-186\" data-elementor-post-type=\"page\">\n\t\t\t\t\t\t<section class=\"elementor-section elementor-top-section elementor-element elementor-element-9464f12 elementor-section-boxed elementor-section-height-default elementor-section-height-default\" data-id=\"9464f12\" data-element_type=\"section\">\n\t\t\t\t\t\t<div class=\"elementor-container elementor-column-gap-default\">\n\t\t\t\t\t<div class=\"elementor-column elementor-col-100 elementor-top-column elementor-element elementor-element-776d00e\" data-id=\"776d00e\" data-element_type=\"column\">\n\t\t\t<div class=\"elementor-widget-wrap elementor-element-populated\">\n\t\t\t\t\t\t<div class=\"elementor-element elementor-element-dceb327 elementor-widget elementor-widget-text-editor\" data-id=\"dceb327\" data-element_type=\"widget\" data-widget_type=\"text-editor.default\">\n\t\t\t\t<div class=\"elementor-widget-container\">\n\t\t\t\t\t\t\t\t\t<p>El objetivo de esta\u00a0pol\u00edtica es informar a los interesados acerca de las cookies que emplea esta p\u00e1gina web\u00a0de conformidad con lo establecido en la Ley 34\/2002, de 11 de julio, de Servicios de la Sociedad de la Informaci\u00f3n y de Comercio Electr\u00f3nico, y el Reglamento (UE) 2016\/679 del Parlamento Europeo y del Consejo de 27 de abril de 2016.<\/p><h2>Uso de cookies. \u00bfQu\u00e9 son las cookies?<\/h2><p>Las cookies son ficheros que se descargan en su Ordenador, Smartphone o Tablet al acceder a determinadas p\u00e1ginas web. La utilizaci\u00f3n de cookies, ofrece numerosas ventajas en la prestaci\u00f3n de servicios de la Sociedad de la Informaci\u00f3n, puesto que, entre otras: (a) facilita la navegaci\u00f3n del usuario en el Sitio Web; (b) facilita al usuario el acceso a los diferentes servicios que ofrece el Sitio Web; (c) evita al usuario volver a configurar caracter\u00edsticas generales predefinidas cada vez que accede al Sitio Web; (d) favorece la mejora del funcionamiento y de los servicios prestados a trav\u00e9s del Sitio Web, tras el correspondiente an\u00e1lisis de la informaci\u00f3n obtenida a trav\u00e9s de las cookies instaladas; (e) permiten a un Sitio Web, entre otras cosas, almacenar y recuperar informaci\u00f3n sobre los h\u00e1bitos de navegaci\u00f3n de un usuario o de su equipo y, dependiendo de la informaci\u00f3n que contengan y de la forma en que utilice su equipo, pueden utilizarse para reconocer al usuario.<\/p><p>La mayor\u00eda de los navegadores aceptan como est\u00e1ndar a las cookies y, con independencia de las mismas, permiten o impiden en los ajustes de seguridad\u00a0las cookies temporales o memorizadas.<\/p><p>Ten en cuenta que para poder utilizar y contar con una mejor experiencia de navegaci\u00f3n,\u00a0es necesario que tengas habilitadas las cookies, especialmente aquellas de car\u00e1cter t\u00e9cnico que resultan necesarias para que pueda identificarte como usuario registrado cada vez que accedas a la presente web.<\/p><p>En caso de no querer recibir cookies, por favor, configure su navegador de internet, para que las borre del disco duro de su ordenador, las bloquee o le avise en su caso de instalaci\u00f3n de las mismas.<\/p><h2>\u00bfQu\u00e9 tipos de cookies utiliza esta p\u00e1gina web?<\/h2><p><strong><em>Cookies utilizadas en este sitio web.<\/em><\/strong><\/p><p>Siguiendo las directrices de la Agencia Espa\u00f1ola de Protecci\u00f3n de Datos, procedemos a detallar el uso de las\u00a0<em>cookies<\/em>\u00a0que esta p\u00e1gina web emplea, con el fin de proporcionarle la m\u00e1xima informaci\u00f3n posible. \u00a0<\/p><p><strong><em>Cookies Propias:<\/em><\/strong><\/p><p>Son aquellas que se env\u00edan al equipo terminal del usuario desde un equipo o dominio gestionado por el propio editor y desde el que se presta el servicio solicitado por el usuario.<\/p><p>A continuaci\u00f3n, la lista de las que utilizamos:<\/p>\t\t\t\t\t\t\t\t<\/div>\n\t\t\t\t<\/div>\n\t\t\t\t<div class=\"elementor-element elementor-element-501acf5 elementor-tabs-view-vertical elementor-widget elementor-widget-tabs\" data-id=\"501acf5\" data-element_type=\"widget\" data-widget_type=\"tabs.default\">\n\t\t\t\t<div class=\"elementor-widget-container\">\n\t\t\t\t\t\t\t<div class=\"elementor-tabs\">\n\t\t\t<div class=\"elementor-tabs-wrapper\" role=\"tablist\" >\n\t\t\t\t\t\t\t\t\t<div id=\"elementor-tab-title-8391\" class=\"elementor-tab-title elementor-tab-desktop-title\" aria-selected=\"true\" data-tab=\"1\" role=\"tab\" tabindex=\"0\" aria-controls=\"elementor-tab-content-8391\" aria-expanded=\"false\">Comment cookies<\/div>\n\t\t\t\t\t\t\t<\/div>\n\t\t\t<div class=\"elementor-tabs-content-wrapper\" role=\"tablist\" aria-orientation=\"vertical\">\n\t\t\t\t\t\t\t\t\t<div class=\"elementor-tab-title elementor-tab-mobile-title\" aria-selected=\"true\" data-tab=\"1\" role=\"tab\" tabindex=\"0\" aria-controls=\"elementor-tab-content-8391\" aria-expanded=\"false\">Comment cookies<\/div>\n\t\t\t\t\t<div id=\"elementor-tab-content-8391\" class=\"elementor-tab-content elementor-clearfix\" data-tab=\"1\" role=\"tabpanel\" aria-labelledby=\"elementor-tab-title-8391\" tabindex=\"0\" hidden=\"false\"><p>Nombre: comment_author_[hash], comment_author_email_[hash], comment_author_url_[hash].<\/p><p>Tipo: Cookie de sesi\u00f3n.<\/p><p>Proveedor: excavacionsdelacalle.com<\/p><p>Finalidad: Recordar los datos del usuario para rellenarlos en la pr\u00f3xima sesi\u00f3n para rellenar el formulario.<\/p><p>Duraci\u00f3n: 347 d\u00edas.<\/p><\/div>\n\t\t\t\t\t\t\t<\/div>\n\t\t<\/div>\n\t\t\t\t\t\t<\/div>\n\t\t\t\t<\/div>\n\t\t\t\t<div class=\"elementor-element elementor-element-afe077e elementor-widget elementor-widget-text-editor\" data-id=\"afe077e\" data-element_type=\"widget\" data-widget_type=\"text-editor.default\">\n\t\t\t\t<div class=\"elementor-widget-container\">\n\t\t\t\t\t\t\t\t\t<p><strong><em>Cookies de Terceros:<\/em><\/strong><\/p><p>Son aquellas que se env\u00edan al equipo terminal del usuario desde un equipo o dominio que no es gestionado por el editor, sino por otra entidad que trata los datos obtenidos trav\u00e9s de las cookies.<\/p><p>A continuaci\u00f3n, la lista de las que utilizamos:<\/p>\t\t\t\t\t\t\t\t<\/div>\n\t\t\t\t<\/div>\n\t\t\t\t<div class=\"elementor-element elementor-element-8f69522 elementor-tabs-view-vertical elementor-widget elementor-widget-tabs\" data-id=\"8f69522\" data-element_type=\"widget\" data-widget_type=\"tabs.default\">\n\t\t\t\t<div class=\"elementor-widget-container\">\n\t\t\t\t\t\t\t<div class=\"elementor-tabs\">\n\t\t\t<div class=\"elementor-tabs-wrapper\" role=\"tablist\" >\n\t\t\t\t\t\t\t\t\t<div id=\"elementor-tab-title-1501\" class=\"elementor-tab-title elementor-tab-desktop-title\" aria-selected=\"true\" data-tab=\"1\" role=\"tab\" tabindex=\"0\" aria-controls=\"elementor-tab-content-1501\" aria-expanded=\"false\">Google Analytics<\/div>\n\t\t\t\t\t\t\t\t\t<div id=\"elementor-tab-title-1502\" class=\"elementor-tab-title elementor-tab-desktop-title\" aria-selected=\"false\" data-tab=\"2\" role=\"tab\" tabindex=\"-1\" aria-controls=\"elementor-tab-content-1502\" aria-expanded=\"false\">WPML<\/div>\n\t\t\t\t\t\t\t<\/div>\n\t\t\t<div class=\"elementor-tabs-content-wrapper\" role=\"tablist\" aria-orientation=\"vertical\">\n\t\t\t\t\t\t\t\t\t<div class=\"elementor-tab-title elementor-tab-mobile-title\" aria-selected=\"true\" data-tab=\"1\" role=\"tab\" tabindex=\"0\" aria-controls=\"elementor-tab-content-1501\" aria-expanded=\"false\">Google Analytics<\/div>\n\t\t\t\t\t<div id=\"elementor-tab-content-1501\" class=\"elementor-tab-content elementor-clearfix\" data-tab=\"1\" role=\"tabpanel\" aria-labelledby=\"elementor-tab-title-1501\" tabindex=\"0\" hidden=\"false\"><p>Nombre: Google Analytics: _gat, _gid.<\/p><p>Tipo: Cookies anal\u00edticas.<\/p><p>Proveedor: Google.<\/p><p>Finalidad: Sirven para analizar la experiencia de navegaci\u00f3n del usuario, y permitirnos mejorar nuestra Web para adaptarnos a sus necesidades. Normalmente permanecen un tiempo en el navegador de usuario, hasta que se borren las cookies del navegador o pase el tiempo definido para su eliminaci\u00f3n. M\u00e1s informaci\u00f3n:\u00a0<a href=\"https:\/\/support.google.com\/analytics\/answer\/6004245?hl=es\">https:\/\/support.google.com\/analytics\/answer\/6004245?hl=es<\/a>.<\/p><p><strong>Opt-Out:\u00a0<\/strong><a href=\"https:\/\/tools.google.com\/dlpage\/gaoptout\">https:\/\/tools.google.com\/dlpage\/gaoptout<\/a><\/p><p>Duraci\u00f3n: _ga: 2 a\u00f1os; _gat: duraci\u00f3n de la sesi\u00f3n; _gid: 1 d\u00eda.<\/p><\/div>\n\t\t\t\t\t\t\t\t\t<div class=\"elementor-tab-title elementor-tab-mobile-title\" aria-selected=\"false\" data-tab=\"2\" role=\"tab\" tabindex=\"-1\" aria-controls=\"elementor-tab-content-1502\" aria-expanded=\"false\">WPML<\/div>\n\t\t\t\t\t<div id=\"elementor-tab-content-1502\" class=\"elementor-tab-content elementor-clearfix\" data-tab=\"2\" role=\"tabpanel\" aria-labelledby=\"elementor-tab-title-1502\" tabindex=\"0\" hidden=\"hidden\"><p>Nombre: Browser Cookies Stored<\/p><p>Tipo: Cookies de idioma.<\/p><p>Finalidad y caducidad:<\/p><ul><li>_icl_current_language \u2013 Almacena el idioma actual \u2013 1 d\u00eda<\/li><li>_icl_current_admin_language_{hash} \u2013 Almacena el idioma actual del \u00e1rea de administraci\u00f3n de WordPress. \u2013 1 d\u00eda<\/li><li>_icl_visitor_lang_js \u2013 Almacena el idioma redirigido. \u2013 1 d\u00eda<\/li><li>wpml_browser_redirect_test \u2013 Comprueba si las cookies est\u00e1n habilitadas. \u2013 sesi\u00f3n (destruido tan pronto como se cierra el navegador)<\/li><li>wpml_referer_url \u2013 Almacena la \u00faltima URL solicitada en el front-end. \u2013 sesi\u00f3n (destruido tan pronto como se cierra el navegador)<\/li><li>wpml_admin_referer_url \u2013 Almacena la \u00faltima URL solicitada en el back-end. \u2013 sesi\u00f3n (destruido tan pronto como se cierra el navegador)<\/li><\/ul><\/div>\n\t\t\t\t\t\t\t<\/div>\n\t\t<\/div>\n\t\t\t\t\t\t<\/div>\n\t\t\t\t<\/div>\n\t\t\t\t<div class=\"elementor-element elementor-element-1626573 elementor-widget elementor-widget-text-editor\" data-id=\"1626573\" data-element_type=\"widget\" data-widget_type=\"text-editor.default\">\n\t\t\t\t<div class=\"elementor-widget-container\">\n\t\t\t\t\t\t\t\t\t<p><strong>MOVIMIENTO DE TIERRAS HERMANOS DE LA CALLE SLU<\/strong> no se hace responsable, en ning\u00fan caso ni del contenido ni de la veracidad de las pol\u00edticas y\/o condiciones de uso y privacidad de los terceros, incluidos, a trav\u00e9s de los enlaces, en esta pol\u00edtica.<\/p><h2>Consentimiento<\/h2><p>En relaci\u00f3n con la utilizaci\u00f3n de cookies de este sitio web descritos en el apartado anterior, el usuario autoriza y consiente su uso de la siguiente forma: Cuando el usuario accede a nuestra p\u00e1gina de la web, ver\u00e1 un aviso donde se indica que esta utiliza cookies, pudiendo el usuario aceptar o rechazar el uso de estas pulsando el boto de aceptar\/ aceptar todas, gestionar sus preferencias a trav\u00e9s de la configuraci\u00f3n del panel y\/o de su navegador. Si el usuario no pulsa el bot\u00f3n aceptar, no configura su navegador ni el panel y sigue navegando por el sitio web de <strong>MOVIMIENTO DE TIERRAS HERMANOS DE LA CALLE SLU<\/strong> utilizando sus servicios, el usuario acepta el uso que se hacen las cookies necesarias en esta p\u00e1gina web.<\/p><h2>C\u00f3mo bloquear o eliminar las cookies instaladas<\/h2><p>Puede usted permitir, bloquear o eliminar las cookies instaladas en su equipo mediante la configuraci\u00f3n de las opciones de su navegador. Puede encontrar informaci\u00f3n sobre c\u00f3mo hacerlo, en relaci\u00f3n con los navegadores m\u00e1s comunes en los links que se incluyen a continuaci\u00f3n:<\/p><p>Explorer:\u00a0<a href=\"https:\/\/support.microsoft.com\/es-es\/kb\/278835\">https:\/\/support.microsoft.com\/es-es\/kb\/278835<\/a><\/p><p>Microsoft Edge<strong>:\u00a0<\/strong><a href=\"https:\/\/privacy.microsoft.com\/es-es\/windows-10-microsoft-edge-and-privacy\">https:\/\/privacy.microsoft.com\/es-es\/windows-10-microsoft-edge-and-privacy<\/a><\/p><p>Chrome:<a href=\"http:\/\/support.google.com\/chrome\/bin\/answer.py?hl=es&amp;answer=95647\">https:\/\/support.google.com\/chrome\/answer\/95647?co=GENIE.Platform%3DDesktop&amp;hl=esttp:\/\/support.google.com\/chrome\/bin\/answer.py?hl=es&amp;answer=95647<\/a><\/p><p>Firefox:\u00a0<a href=\"http:\/\/support.mozilla.org\/es\/kb\/Borrar%20cookies\">http:\/\/support.mozilla.org\/es\/kb\/Borrar%20cookies<\/a><\/p><p>Safari:\u00a0<a href=\"http:\/\/support.apple.com\/kb\/ph5042\">http:\/\/support.apple.com\/kb\/ph5042<\/a>.<\/p><p>Opera:\u00a0<a href=\"https:\/\/help.opera.com\/en\/latest\/web-preferences\/#cookies\">https:\/\/help.opera.com\/en\/latest\/web-preferences\/#cookies<\/a><\/p><p>Le informamos, no obstante, de la posibilidad de que la desactivaci\u00f3n de alguna cookie impida o dificulte la navegaci\u00f3n o la prestaci\u00f3n de los servicios ofrecidos en la p\u00e1gina web.<\/p><h2>Modificaciones<\/h2><p>La presente pol\u00edtica de cookies puede verse modificada en funci\u00f3n de las exigencias legales establecidas o con la finalidad de adaptar dicha pol\u00edtica a las instrucciones dictadas por la Agencia Espa\u00f1ola de Protecci\u00f3n de Datos.<\/p><p>Por esta raz\u00f3n, aconsejamos a los usuarios que visiten peri\u00f3dicamente nuestra\u00a0pol\u00edtica de cookies.<\/p><p>Cuando se produzcan cambios significativos en esta pol\u00edtica, en la medida de nuestras posibilidades, comunicaremos a los usuarios estos cambios mediante un aviso en nuestra p\u00e1gina web.<\/p><p>Si tiene dudas acerca de esta pol\u00edtica de cookies, puede contactar con <strong>MOVIMIENTO DE TIERRAS HERMANOS DE LA CALLE SLU<\/strong> a trav\u00e9s del siguiente correo electr\u00f3nico: info@excavacionsdelacalle.com<\/p>\t\t\t\t\t\t\t\t<\/div>\n\t\t\t\t<\/div>\n\t\t\t\t\t<\/div>\n\t\t<\/div>\n\t\t\t\t\t<\/div>\n\t\t<\/section>\n\t\t\t\t<\/div>\n\t\t","protected":false},"excerpt":{"rendered":"<p>El objetivo de esta&nbsp;pol\u00edtica es informar a los interesados acerca de las cookies que emplea esta p\u00e1gina web&nbsp;de conformidad con lo establecido en la Ley 34\/2002, de 11 de julio, de Servicios de la Sociedad de la Informaci\u00f3n y de Comercio Electr\u00f3nico, y el Reglamento (UE) 2016\/679 del Parlamento Europeo y del Consejo de 27 &#8230; <a title=\"Pol\u00edtica de cookies\" class=\"read-more\" href=\"https:\/\/excavacionsdelacalle.com\/ca\/politica-de-cookies\/\" aria-label=\"M\u00e9s informaci\u00f3 sobre Pol\u00edtica de cookies\">Llegiu m\u00e9s<\/a><\/p>\n","protected":false},"author":1,"featured_media":0,"parent":0,"menu_order":0,"comment_status":"closed","ping_status":"closed","template":"","meta":{"footnotes":""},"class_list":["post-509","page","type-page","status-publish"],"yoast_head":"<!-- This site is optimized with the Yoast SEO plugin v26.8 - https:\/\/yoast.com\/product\/yoast-seo-wordpress\/ -->\n<title>Pol\u00edtica de cookies - Excavacions de la Calle<\/title>\n<meta name=\"robots\" content=\"index, follow, max-snippet:-1, max-image-preview:large, max-video-preview:-1\" \/>\n<link rel=\"canonical\" href=\"https:\/\/excavacionsdelacalle.com\/ca\/politica-de-cookies\/\" \/>\n<meta property=\"og:locale\" content=\"ca_ES\" \/>\n<meta property=\"og:type\" content=\"article\" \/>\n<meta property=\"og:title\" content=\"Pol\u00edtica de cookies - Excavacions de la Calle\" \/>\n<meta property=\"og:description\" content=\"El objetivo de esta&nbsp;pol\u00edtica es informar a los interesados acerca de las cookies que emplea esta p\u00e1gina web&nbsp;de conformidad con lo establecido en la Ley 34\/2002, de 11 de julio, de Servicios de la Sociedad de la Informaci\u00f3n y de Comercio Electr\u00f3nico, y el Reglamento (UE) 2016\/679 del Parlamento Europeo y del Consejo de 27 ... Llegiu m\u00e9s\" \/>\n<meta property=\"og:url\" content=\"https:\/\/excavacionsdelacalle.com\/ca\/politica-de-cookies\/\" \/>\n<meta property=\"og:site_name\" content=\"Excavacions de la Calle\" \/>\n<meta name=\"twitter:card\" content=\"summary_large_image\" \/>\n<meta name=\"twitter:label1\" content=\"Temps estimat de lectura\" \/>\n\t<meta name=\"twitter:data1\" content=\"6 minuts\" \/>\n<script type=\"application\/ld+json\" class=\"yoast-schema-graph\">{\"@context\":\"https:\/\/schema.org\",\"@graph\":[{\"@type\":\"WebPage\",\"@id\":\"https:\/\/excavacionsdelacalle.com\/ca\/politica-de-cookies\/\",\"url\":\"https:\/\/excavacionsdelacalle.com\/ca\/politica-de-cookies\/\",\"name\":\"Pol\u00edtica de cookies - Excavacions de la Calle\",\"isPartOf\":{\"@id\":\"https:\/\/excavacionsdelacalle.com\/ca\/#website\"},\"datePublished\":\"2022-01-05T11:42:54+00:00\",\"breadcrumb\":{\"@id\":\"https:\/\/excavacionsdelacalle.com\/ca\/politica-de-cookies\/#breadcrumb\"},\"inLanguage\":\"ca\",\"potentialAction\":[{\"@type\":\"ReadAction\",\"target\":[\"https:\/\/excavacionsdelacalle.com\/ca\/politica-de-cookies\/\"]}]},{\"@type\":\"BreadcrumbList\",\"@id\":\"https:\/\/excavacionsdelacalle.com\/ca\/politica-de-cookies\/#breadcrumb\",\"itemListElement\":[{\"@type\":\"ListItem\",\"position\":1,\"name\":\"Portada\",\"item\":\"https:\/\/excavacionsdelacalle.com\/ca\/inici\/\"},{\"@type\":\"ListItem\",\"position\":2,\"name\":\"Pol\u00edtica de cookies\"}]},{\"@type\":\"WebSite\",\"@id\":\"https:\/\/excavacionsdelacalle.com\/ca\/#website\",\"url\":\"https:\/\/excavacionsdelacalle.com\/ca\/\",\"name\":\"Excavacions de la Calle\",\"description\":\"Derribos escombros fundamentaci\u00f3n rebajes piedra piscinas.\",\"publisher\":{\"@id\":\"https:\/\/excavacionsdelacalle.com\/ca\/#organization\"},\"potentialAction\":[{\"@type\":\"SearchAction\",\"target\":{\"@type\":\"EntryPoint\",\"urlTemplate\":\"https:\/\/excavacionsdelacalle.com\/ca\/?s={search_term_string}\"},\"query-input\":{\"@type\":\"PropertyValueSpecification\",\"valueRequired\":true,\"valueName\":\"search_term_string\"}}],\"inLanguage\":\"ca\"},{\"@type\":\"Organization\",\"@id\":\"https:\/\/excavacionsdelacalle.com\/ca\/#organization\",\"name\":\"Excavaciones de la calle\",\"url\":\"https:\/\/excavacionsdelacalle.com\/ca\/\",\"logo\":{\"@type\":\"ImageObject\",\"inLanguage\":\"ca\",\"@id\":\"https:\/\/excavacionsdelacalle.com\/ca\/#\/schema\/logo\/image\/\",\"url\":\"https:\/\/excavacionsdelacalle.com\/wp-content\/uploads\/2022\/01\/logo-excavacions.png\",\"contentUrl\":\"https:\/\/excavacionsdelacalle.com\/wp-content\/uploads\/2022\/01\/logo-excavacions.png\",\"width\":250,\"height\":77,\"caption\":\"Excavaciones de la calle\"},\"image\":{\"@id\":\"https:\/\/excavacionsdelacalle.com\/ca\/#\/schema\/logo\/image\/\"}}]}<\/script>\n<!-- \/ Yoast SEO plugin. -->","yoast_head_json":{"title":"Pol\u00edtica de cookies - Excavacions de la Calle","robots":{"index":"index","follow":"follow","max-snippet":"max-snippet:-1","max-image-preview":"max-image-preview:large","max-video-preview":"max-video-preview:-1"},"canonical":"https:\/\/excavacionsdelacalle.com\/ca\/politica-de-cookies\/","og_locale":"ca_ES","og_type":"article","og_title":"Pol\u00edtica de cookies - Excavacions de la Calle","og_description":"El objetivo de esta&nbsp;pol\u00edtica es informar a los interesados acerca de las cookies que emplea esta p\u00e1gina web&nbsp;de conformidad con lo establecido en la Ley 34\/2002, de 11 de julio, de Servicios de la Sociedad de la Informaci\u00f3n y de Comercio Electr\u00f3nico, y el Reglamento (UE) 2016\/679 del Parlamento Europeo y del Consejo de 27 ... Llegiu m\u00e9s","og_url":"https:\/\/excavacionsdelacalle.com\/ca\/politica-de-cookies\/","og_site_name":"Excavacions de la Calle","twitter_card":"summary_large_image","twitter_misc":{"Temps estimat de lectura":"6 minuts"},"schema":{"@context":"https:\/\/schema.org","@graph":[{"@type":"WebPage","@id":"https:\/\/excavacionsdelacalle.com\/ca\/politica-de-cookies\/","url":"https:\/\/excavacionsdelacalle.com\/ca\/politica-de-cookies\/","name":"Pol\u00edtica de cookies - Excavacions de la Calle","isPartOf":{"@id":"https:\/\/excavacionsdelacalle.com\/ca\/#website"},"datePublished":"2022-01-05T11:42:54+00:00","breadcrumb":{"@id":"https:\/\/excavacionsdelacalle.com\/ca\/politica-de-cookies\/#breadcrumb"},"inLanguage":"ca","potentialAction":[{"@type":"ReadAction","target":["https:\/\/excavacionsdelacalle.com\/ca\/politica-de-cookies\/"]}]},{"@type":"BreadcrumbList","@id":"https:\/\/excavacionsdelacalle.com\/ca\/politica-de-cookies\/#breadcrumb","itemListElement":[{"@type":"ListItem","position":1,"name":"Portada","item":"https:\/\/excavacionsdelacalle.com\/ca\/inici\/"},{"@type":"ListItem","position":2,"name":"Pol\u00edtica de cookies"}]},{"@type":"WebSite","@id":"https:\/\/excavacionsdelacalle.com\/ca\/#website","url":"https:\/\/excavacionsdelacalle.com\/ca\/","name":"Excavacions de la Calle","description":"Derribos escombros fundamentaci\u00f3n rebajes piedra piscinas.","publisher":{"@id":"https:\/\/excavacionsdelacalle.com\/ca\/#organization"},"potentialAction":[{"@type":"SearchAction","target":{"@type":"EntryPoint","urlTemplate":"https:\/\/excavacionsdelacalle.com\/ca\/?s={search_term_string}"},"query-input":{"@type":"PropertyValueSpecification","valueRequired":true,"valueName":"search_term_string"}}],"inLanguage":"ca"},{"@type":"Organization","@id":"https:\/\/excavacionsdelacalle.com\/ca\/#organization","name":"Excavaciones de la calle","url":"https:\/\/excavacionsdelacalle.com\/ca\/","logo":{"@type":"ImageObject","inLanguage":"ca","@id":"https:\/\/excavacionsdelacalle.com\/ca\/#\/schema\/logo\/image\/","url":"https:\/\/excavacionsdelacalle.com\/wp-content\/uploads\/2022\/01\/logo-excavacions.png","contentUrl":"https:\/\/excavacionsdelacalle.com\/wp-content\/uploads\/2022\/01\/logo-excavacions.png","width":250,"height":77,"caption":"Excavaciones de la calle"},"image":{"@id":"https:\/\/excavacionsdelacalle.com\/ca\/#\/schema\/logo\/image\/"}}]}},"_links":{"self":[{"href":"https:\/\/excavacionsdelacalle.com\/ca\/wp-json\/wp\/v2\/pages\/509","targetHints":{"allow":["GET"]}}],"collection":[{"href":"https:\/\/excavacionsdelacalle.com\/ca\/wp-json\/wp\/v2\/pages"}],"about":[{"href":"https:\/\/excavacionsdelacalle.com\/ca\/wp-json\/wp\/v2\/types\/page"}],"author":[{"embeddable":true,"href":"https:\/\/excavacionsdelacalle.com\/ca\/wp-json\/wp\/v2\/users\/1"}],"replies":[{"embeddable":true,"href":"https:\/\/excavacionsdelacalle.com\/ca\/wp-json\/wp\/v2\/comments?post=509"}],"version-history":[{"count":0,"href":"https:\/\/excavacionsdelacalle.com\/ca\/wp-json\/wp\/v2\/pages\/509\/revisions"}],"wp:attachment":[{"href":"https:\/\/excavacionsdelacalle.com\/ca\/wp-json\/wp\/v2\/media?parent=509"}],"curies":[{"name":"wp","href":"https:\/\/api.w.org\/{rel}","templated":true}]}}