{"id":493,"date":"2022-01-03T16:10:44","date_gmt":"2022-01-03T16:10:44","guid":{"rendered":"https:\/\/excavacionsdelacalle.com\/empresa\/"},"modified":"2022-07-28T15:18:50","modified_gmt":"2022-07-28T15:18:50","slug":"empresa","status":"publish","type":"page","link":"https:\/\/excavacionsdelacalle.com\/ca\/empresa\/","title":{"rendered":"Empresa"},"content":{"rendered":"\t\t<div data-elementor-type=\"wp-page\" data-elementor-id=\"493\" class=\"elementor elementor-493 elementor-20\" data-elementor-post-type=\"page\">\n\t\t\t\t\t\t<section class=\"elementor-section elementor-top-section elementor-element elementor-element-9c857c7 elementor-section-height-min-height elementor-section-boxed elementor-section-height-default elementor-section-items-middle\" data-id=\"9c857c7\" data-element_type=\"section\" data-settings=\"{&quot;background_background&quot;:&quot;classic&quot;}\">\n\t\t\t\t\t\t\t<div class=\"elementor-background-overlay\"><\/div>\n\t\t\t\t\t\t\t<div class=\"elementor-container elementor-column-gap-default\">\n\t\t\t\t\t<div class=\"elementor-column elementor-col-100 elementor-top-column elementor-element elementor-element-97e6709\" data-id=\"97e6709\" data-element_type=\"column\">\n\t\t\t<div class=\"elementor-widget-wrap elementor-element-populated\">\n\t\t\t\t\t\t<div class=\"elementor-element elementor-element-7925f89 elementor-widget elementor-widget-heading\" data-id=\"7925f89\" data-element_type=\"widget\" data-widget_type=\"heading.default\">\n\t\t\t\t<div class=\"elementor-widget-container\">\n\t\t\t\t\t<h1 class=\"elementor-heading-title elementor-size-default\">Excavacions de la calle<\/h1>\t\t\t\t<\/div>\n\t\t\t\t<\/div>\n\t\t\t\t\t<\/div>\n\t\t<\/div>\n\t\t\t\t\t<\/div>\n\t\t<\/section>\n\t\t\t\t<section class=\"elementor-section elementor-top-section elementor-element elementor-element-954c61b elementor-section-boxed elementor-section-height-default elementor-section-height-default\" data-id=\"954c61b\" data-element_type=\"section\">\n\t\t\t\t\t\t<div class=\"elementor-container elementor-column-gap-default\">\n\t\t\t\t\t<div class=\"elementor-column elementor-col-50 elementor-top-column elementor-element elementor-element-de54ceb\" data-id=\"de54ceb\" data-element_type=\"column\">\n\t\t\t<div class=\"elementor-widget-wrap elementor-element-populated\">\n\t\t\t\t\t\t<div class=\"elementor-element elementor-element-0991c3e elementor-widget elementor-widget-heading\" data-id=\"0991c3e\" data-element_type=\"widget\" data-widget_type=\"heading.default\">\n\t\t\t\t<div class=\"elementor-widget-container\">\n\t\t\t\t\t<h2 class=\"elementor-heading-title elementor-size-default\">Sobre nosaltres<\/h2>\t\t\t\t<\/div>\n\t\t\t\t<\/div>\n\t\t\t\t<div class=\"elementor-element elementor-element-77a3ba5 elementor-widget elementor-widget-text-editor\" data-id=\"77a3ba5\" data-element_type=\"widget\" data-widget_type=\"text-editor.default\">\n\t\t\t\t<div class=\"elementor-widget-container\">\n\t\t\t\t\t\t\t\t\t<p>Moviments de terra Hnos. de la Calle \u00e9s una empresa familiar ubicada a Castell\u00f3 d&#8217;Emp\u00faries amb m\u00e9s de 30 anys d&#8217;experi\u00e8ncia en el sector de la construcci\u00f3, el que ens ha consolidat com una de les empreses de l&#8217;Alt Empord\u00e0. Durant aquest temps ens hem especialitzat en el sector de les excavacions i disposem de gran varietat de maquin\u00e0ria tant per fer obres petites com el cas d&#8217;una piscina amb maquin\u00e0ria lleugera fins a fer grans moviments de terres, rebaixos en pedra i enderrocs.<\/p><p>Excavacions de la Calle disposa de una gran quantitat de personal i maquin\u00e0ria especialitzada per realitzar tot tipus de treballs com, moviments de terra, anivellaci\u00f3 i compactaci\u00f3 de terrenys, excavacions sota nivell fre\u00e0tic, tablaestaques, rebaixos en terra i pedra, esculleres, enderrocs, contenidors de runes, extracci\u00f3 de fibrociment o amiant, obra p\u00fablica i civil, reparaci\u00f3 asfalt, transports d&#8217;\u00e0rids, rases, pous, piscines i serveis de jardineria.<\/p>\t\t\t\t\t\t\t\t<\/div>\n\t\t\t\t<\/div>\n\t\t\t\t\t<\/div>\n\t\t<\/div>\n\t\t\t\t<div class=\"elementor-column elementor-col-50 elementor-top-column elementor-element elementor-element-d541433\" data-id=\"d541433\" data-element_type=\"column\">\n\t\t\t<div class=\"elementor-widget-wrap elementor-element-populated\">\n\t\t\t\t\t\t<div class=\"elementor-element elementor-element-876ebb3 elementor-widget elementor-widget-image\" data-id=\"876ebb3\" data-element_type=\"widget\" data-widget_type=\"image.default\">\n\t\t\t\t<div class=\"elementor-widget-container\">\n\t\t\t\t\t\t\t\t\t\t\t\t\t\t\t<img fetchpriority=\"high\" decoding=\"async\" width=\"750\" height=\"563\" src=\"https:\/\/excavacionsdelacalle.com\/wp-content\/uploads\/2022\/01\/rebaix_terra2.jpg\" class=\"attachment-large size-large wp-image-429\" alt=\"\" srcset=\"https:\/\/excavacionsdelacalle.com\/wp-content\/uploads\/2022\/01\/rebaix_terra2.jpg 750w, https:\/\/excavacionsdelacalle.com\/wp-content\/uploads\/2022\/01\/rebaix_terra2-300x225.jpg 300w\" sizes=\"(max-width: 750px) 100vw, 750px\" \/>\t\t\t\t\t\t\t\t\t\t\t\t\t\t\t<\/div>\n\t\t\t\t<\/div>\n\t\t\t\t\t<\/div>\n\t\t<\/div>\n\t\t\t\t\t<\/div>\n\t\t<\/section>\n\t\t\t\t<section class=\"elementor-section elementor-top-section elementor-element elementor-element-332265b elementor-section-boxed elementor-section-height-default elementor-section-height-default\" data-id=\"332265b\" data-element_type=\"section\" data-settings=\"{&quot;background_background&quot;:&quot;classic&quot;}\">\n\t\t\t\t\t\t<div class=\"elementor-container elementor-column-gap-default\">\n\t\t\t\t\t<div class=\"elementor-column elementor-col-33 elementor-top-column elementor-element elementor-element-1170874\" data-id=\"1170874\" data-element_type=\"column\">\n\t\t\t<div class=\"elementor-widget-wrap elementor-element-populated\">\n\t\t\t\t\t\t<div class=\"elementor-element elementor-element-8bd64fa elementor-position-top elementor-widget elementor-widget-image-box\" data-id=\"8bd64fa\" data-element_type=\"widget\" data-widget_type=\"image-box.default\">\n\t\t\t\t<div class=\"elementor-widget-container\">\n\t\t\t\t\t<div class=\"elementor-image-box-wrapper\"><figure class=\"elementor-image-box-img\"><a href=\"https:\/\/excavacionsdelacalle.com\/ca\/treballs-realitzats\/\" tabindex=\"-1\"><img decoding=\"async\" width=\"480\" height=\"406\" src=\"https:\/\/excavacionsdelacalle.com\/wp-content\/uploads\/2022\/01\/inici-treballs.jpg\" class=\"attachment-full size-full wp-image-73\" alt=\"\" srcset=\"https:\/\/excavacionsdelacalle.com\/wp-content\/uploads\/2022\/01\/inici-treballs.jpg 480w, https:\/\/excavacionsdelacalle.com\/wp-content\/uploads\/2022\/01\/inici-treballs-300x254.jpg 300w\" sizes=\"(max-width: 480px) 100vw, 480px\" \/><\/a><\/figure><div class=\"elementor-image-box-content\"><h3 class=\"elementor-image-box-title\"><a href=\"https:\/\/excavacionsdelacalle.com\/ca\/treballs-realitzats\/\">Treballs Realitzats<\/a><\/h3><\/div><\/div>\t\t\t\t<\/div>\n\t\t\t\t<\/div>\n\t\t\t\t\t<\/div>\n\t\t<\/div>\n\t\t\t\t<div class=\"elementor-column elementor-col-33 elementor-top-column elementor-element elementor-element-95e2796\" data-id=\"95e2796\" data-element_type=\"column\">\n\t\t\t<div class=\"elementor-widget-wrap elementor-element-populated\">\n\t\t\t\t\t\t<div class=\"elementor-element elementor-element-0f5fd0c elementor-position-top elementor-widget elementor-widget-image-box\" data-id=\"0f5fd0c\" data-element_type=\"widget\" data-widget_type=\"image-box.default\">\n\t\t\t\t<div class=\"elementor-widget-container\">\n\t\t\t\t\t<div class=\"elementor-image-box-wrapper\"><figure class=\"elementor-image-box-img\"><a href=\"https:\/\/excavacionsdelacalle.com\/ca\/maquinaria\/\" tabindex=\"-1\"><img decoding=\"async\" width=\"480\" height=\"406\" src=\"https:\/\/excavacionsdelacalle.com\/wp-content\/uploads\/2022\/01\/inici-maquinaria.jpg\" class=\"attachment-full size-full wp-image-72\" alt=\"\" srcset=\"https:\/\/excavacionsdelacalle.com\/wp-content\/uploads\/2022\/01\/inici-maquinaria.jpg 480w, https:\/\/excavacionsdelacalle.com\/wp-content\/uploads\/2022\/01\/inici-maquinaria-300x254.jpg 300w\" sizes=\"(max-width: 480px) 100vw, 480px\" \/><\/a><\/figure><div class=\"elementor-image-box-content\"><h3 class=\"elementor-image-box-title\"><a href=\"https:\/\/excavacionsdelacalle.com\/ca\/maquinaria\/\">Maquinaria<\/a><\/h3><\/div><\/div>\t\t\t\t<\/div>\n\t\t\t\t<\/div>\n\t\t\t\t\t<\/div>\n\t\t<\/div>\n\t\t\t\t<div class=\"elementor-column elementor-col-33 elementor-top-column elementor-element elementor-element-bbc1687\" data-id=\"bbc1687\" data-element_type=\"column\">\n\t\t\t<div class=\"elementor-widget-wrap elementor-element-populated\">\n\t\t\t\t\t\t<div class=\"elementor-element elementor-element-b378b93 elementor-position-top elementor-widget elementor-widget-image-box\" data-id=\"b378b93\" data-element_type=\"widget\" data-widget_type=\"image-box.default\">\n\t\t\t\t<div class=\"elementor-widget-container\">\n\t\t\t\t\t<div class=\"elementor-image-box-wrapper\"><figure class=\"elementor-image-box-img\"><a href=\"https:\/\/excavacionsdelacalle.com\/ca\/contacte\/\" tabindex=\"-1\"><img loading=\"lazy\" decoding=\"async\" width=\"480\" height=\"406\" src=\"https:\/\/excavacionsdelacalle.com\/wp-content\/uploads\/2022\/01\/inici-contacto.jpg\" class=\"attachment-full size-full wp-image-164\" alt=\"\" srcset=\"https:\/\/excavacionsdelacalle.com\/wp-content\/uploads\/2022\/01\/inici-contacto.jpg 480w, https:\/\/excavacionsdelacalle.com\/wp-content\/uploads\/2022\/01\/inici-contacto-300x254.jpg 300w\" sizes=\"(max-width: 480px) 100vw, 480px\" \/><\/a><\/figure><div class=\"elementor-image-box-content\"><h3 class=\"elementor-image-box-title\"><a href=\"https:\/\/excavacionsdelacalle.com\/ca\/contacte\/\">on som<\/a><\/h3><\/div><\/div>\t\t\t\t<\/div>\n\t\t\t\t<\/div>\n\t\t\t\t\t<\/div>\n\t\t<\/div>\n\t\t\t\t\t<\/div>\n\t\t<\/section>\n\t\t\t\t<\/div>\n\t\t","protected":false},"excerpt":{"rendered":"<p>Excavacions de la calle Sobre nosaltres Moviments de terra Hnos. de la Calle \u00e9s una empresa familiar ubicada a Castell\u00f3 d&#8217;Emp\u00faries amb m\u00e9s de 30 anys d&#8217;experi\u00e8ncia en el sector de la construcci\u00f3, el que ens ha consolidat com una de les empreses de l&#8217;Alt Empord\u00e0. Durant aquest temps ens hem especialitzat en el sector &#8230; <a title=\"Empresa\" class=\"read-more\" href=\"https:\/\/excavacionsdelacalle.com\/ca\/empresa\/\" aria-label=\"M\u00e9s informaci\u00f3 sobre Empresa\">Llegiu m\u00e9s<\/a><\/p>\n","protected":false},"author":1,"featured_media":0,"parent":0,"menu_order":0,"comment_status":"closed","ping_status":"closed","template":"","meta":{"footnotes":""},"class_list":["post-493","page","type-page","status-publish"],"yoast_head":"<!-- This site is optimized with the Yoast SEO plugin v26.8 - https:\/\/yoast.com\/product\/yoast-seo-wordpress\/ -->\n<title>Empresa - Excavacions de la Calle<\/title>\n<meta name=\"description\" content=\"Moviments de terra Hnos. de la Calle \u00e9s una empresa familiar ubicada a Castell\u00f3 d&#039;Emp\u00faries amb m\u00e9s de 30 anys d&#039;experi\u00e8ncia en el sector de la construcci\u00f3\" \/>\n<meta name=\"robots\" content=\"index, follow, max-snippet:-1, max-image-preview:large, max-video-preview:-1\" \/>\n<link rel=\"canonical\" href=\"https:\/\/excavacionsdelacalle.com\/ca\/empresa\/\" \/>\n<meta property=\"og:locale\" content=\"ca_ES\" \/>\n<meta property=\"og:type\" content=\"article\" \/>\n<meta property=\"og:title\" content=\"Empresa - Excavacions de la Calle\" \/>\n<meta property=\"og:description\" content=\"Moviments de terra Hnos. de la Calle \u00e9s una empresa familiar ubicada a Castell\u00f3 d&#039;Emp\u00faries amb m\u00e9s de 30 anys d&#039;experi\u00e8ncia en el sector de la construcci\u00f3\" \/>\n<meta property=\"og:url\" content=\"https:\/\/excavacionsdelacalle.com\/ca\/empresa\/\" \/>\n<meta property=\"og:site_name\" content=\"Excavacions de la Calle\" \/>\n<meta property=\"article:modified_time\" content=\"2022-07-28T15:18:50+00:00\" \/>\n<meta property=\"og:image\" content=\"https:\/\/excavacionsdelacalle.com\/wp-content\/uploads\/2022\/01\/rebaix_terra2.jpg\" \/>\n<meta name=\"twitter:card\" content=\"summary_large_image\" \/>\n<meta name=\"twitter:label1\" content=\"Temps estimat de lectura\" \/>\n\t<meta name=\"twitter:data1\" content=\"1 minut\" \/>\n<script type=\"application\/ld+json\" class=\"yoast-schema-graph\">{\"@context\":\"https:\/\/schema.org\",\"@graph\":[{\"@type\":\"WebPage\",\"@id\":\"https:\/\/excavacionsdelacalle.com\/ca\/empresa\/\",\"url\":\"https:\/\/excavacionsdelacalle.com\/ca\/empresa\/\",\"name\":\"Empresa - Excavacions de la Calle\",\"isPartOf\":{\"@id\":\"https:\/\/excavacionsdelacalle.com\/ca\/#website\"},\"primaryImageOfPage\":{\"@id\":\"https:\/\/excavacionsdelacalle.com\/ca\/empresa\/#primaryimage\"},\"image\":{\"@id\":\"https:\/\/excavacionsdelacalle.com\/ca\/empresa\/#primaryimage\"},\"thumbnailUrl\":\"https:\/\/excavacionsdelacalle.com\/wp-content\/uploads\/2022\/01\/rebaix_terra2.jpg\",\"datePublished\":\"2022-01-03T16:10:44+00:00\",\"dateModified\":\"2022-07-28T15:18:50+00:00\",\"description\":\"Moviments de terra Hnos. de la Calle \u00e9s una empresa familiar ubicada a Castell\u00f3 d'Emp\u00faries amb m\u00e9s de 30 anys d'experi\u00e8ncia en el sector de la construcci\u00f3\",\"breadcrumb\":{\"@id\":\"https:\/\/excavacionsdelacalle.com\/ca\/empresa\/#breadcrumb\"},\"inLanguage\":\"ca\",\"potentialAction\":[{\"@type\":\"ReadAction\",\"target\":[\"https:\/\/excavacionsdelacalle.com\/ca\/empresa\/\"]}]},{\"@type\":\"ImageObject\",\"inLanguage\":\"ca\",\"@id\":\"https:\/\/excavacionsdelacalle.com\/ca\/empresa\/#primaryimage\",\"url\":\"https:\/\/excavacionsdelacalle.com\/wp-content\/uploads\/2022\/01\/rebaix_terra2.jpg\",\"contentUrl\":\"https:\/\/excavacionsdelacalle.com\/wp-content\/uploads\/2022\/01\/rebaix_terra2.jpg\"},{\"@type\":\"BreadcrumbList\",\"@id\":\"https:\/\/excavacionsdelacalle.com\/ca\/empresa\/#breadcrumb\",\"itemListElement\":[{\"@type\":\"ListItem\",\"position\":1,\"name\":\"Portada\",\"item\":\"https:\/\/excavacionsdelacalle.com\/ca\/inici\/\"},{\"@type\":\"ListItem\",\"position\":2,\"name\":\"Empresa\"}]},{\"@type\":\"WebSite\",\"@id\":\"https:\/\/excavacionsdelacalle.com\/ca\/#website\",\"url\":\"https:\/\/excavacionsdelacalle.com\/ca\/\",\"name\":\"Excavacions de la Calle\",\"description\":\"Derribos escombros fundamentaci\u00f3n rebajes piedra piscinas.\",\"publisher\":{\"@id\":\"https:\/\/excavacionsdelacalle.com\/ca\/#organization\"},\"potentialAction\":[{\"@type\":\"SearchAction\",\"target\":{\"@type\":\"EntryPoint\",\"urlTemplate\":\"https:\/\/excavacionsdelacalle.com\/ca\/?s={search_term_string}\"},\"query-input\":{\"@type\":\"PropertyValueSpecification\",\"valueRequired\":true,\"valueName\":\"search_term_string\"}}],\"inLanguage\":\"ca\"},{\"@type\":\"Organization\",\"@id\":\"https:\/\/excavacionsdelacalle.com\/ca\/#organization\",\"name\":\"Excavaciones de la calle\",\"url\":\"https:\/\/excavacionsdelacalle.com\/ca\/\",\"logo\":{\"@type\":\"ImageObject\",\"inLanguage\":\"ca\",\"@id\":\"https:\/\/excavacionsdelacalle.com\/ca\/#\/schema\/logo\/image\/\",\"url\":\"https:\/\/excavacionsdelacalle.com\/wp-content\/uploads\/2022\/01\/logo-excavacions.png\",\"contentUrl\":\"https:\/\/excavacionsdelacalle.com\/wp-content\/uploads\/2022\/01\/logo-excavacions.png\",\"width\":250,\"height\":77,\"caption\":\"Excavaciones de la calle\"},\"image\":{\"@id\":\"https:\/\/excavacionsdelacalle.com\/ca\/#\/schema\/logo\/image\/\"}}]}<\/script>\n<!-- \/ Yoast SEO plugin. -->","yoast_head_json":{"title":"Empresa - Excavacions de la Calle","description":"Moviments de terra Hnos. de la Calle \u00e9s una empresa familiar ubicada a Castell\u00f3 d'Emp\u00faries amb m\u00e9s de 30 anys d'experi\u00e8ncia en el sector de la construcci\u00f3","robots":{"index":"index","follow":"follow","max-snippet":"max-snippet:-1","max-image-preview":"max-image-preview:large","max-video-preview":"max-video-preview:-1"},"canonical":"https:\/\/excavacionsdelacalle.com\/ca\/empresa\/","og_locale":"ca_ES","og_type":"article","og_title":"Empresa - Excavacions de la Calle","og_description":"Moviments de terra Hnos. de la Calle \u00e9s una empresa familiar ubicada a Castell\u00f3 d'Emp\u00faries amb m\u00e9s de 30 anys d'experi\u00e8ncia en el sector de la construcci\u00f3","og_url":"https:\/\/excavacionsdelacalle.com\/ca\/empresa\/","og_site_name":"Excavacions de la Calle","article_modified_time":"2022-07-28T15:18:50+00:00","og_image":[{"url":"https:\/\/excavacionsdelacalle.com\/wp-content\/uploads\/2022\/01\/rebaix_terra2.jpg","type":"","width":"","height":""}],"twitter_card":"summary_large_image","twitter_misc":{"Temps estimat de lectura":"1 minut"},"schema":{"@context":"https:\/\/schema.org","@graph":[{"@type":"WebPage","@id":"https:\/\/excavacionsdelacalle.com\/ca\/empresa\/","url":"https:\/\/excavacionsdelacalle.com\/ca\/empresa\/","name":"Empresa - Excavacions de la Calle","isPartOf":{"@id":"https:\/\/excavacionsdelacalle.com\/ca\/#website"},"primaryImageOfPage":{"@id":"https:\/\/excavacionsdelacalle.com\/ca\/empresa\/#primaryimage"},"image":{"@id":"https:\/\/excavacionsdelacalle.com\/ca\/empresa\/#primaryimage"},"thumbnailUrl":"https:\/\/excavacionsdelacalle.com\/wp-content\/uploads\/2022\/01\/rebaix_terra2.jpg","datePublished":"2022-01-03T16:10:44+00:00","dateModified":"2022-07-28T15:18:50+00:00","description":"Moviments de terra Hnos. de la Calle \u00e9s una empresa familiar ubicada a Castell\u00f3 d'Emp\u00faries amb m\u00e9s de 30 anys d'experi\u00e8ncia en el sector de la construcci\u00f3","breadcrumb":{"@id":"https:\/\/excavacionsdelacalle.com\/ca\/empresa\/#breadcrumb"},"inLanguage":"ca","potentialAction":[{"@type":"ReadAction","target":["https:\/\/excavacionsdelacalle.com\/ca\/empresa\/"]}]},{"@type":"ImageObject","inLanguage":"ca","@id":"https:\/\/excavacionsdelacalle.com\/ca\/empresa\/#primaryimage","url":"https:\/\/excavacionsdelacalle.com\/wp-content\/uploads\/2022\/01\/rebaix_terra2.jpg","contentUrl":"https:\/\/excavacionsdelacalle.com\/wp-content\/uploads\/2022\/01\/rebaix_terra2.jpg"},{"@type":"BreadcrumbList","@id":"https:\/\/excavacionsdelacalle.com\/ca\/empresa\/#breadcrumb","itemListElement":[{"@type":"ListItem","position":1,"name":"Portada","item":"https:\/\/excavacionsdelacalle.com\/ca\/inici\/"},{"@type":"ListItem","position":2,"name":"Empresa"}]},{"@type":"WebSite","@id":"https:\/\/excavacionsdelacalle.com\/ca\/#website","url":"https:\/\/excavacionsdelacalle.com\/ca\/","name":"Excavacions de la Calle","description":"Derribos escombros fundamentaci\u00f3n rebajes piedra piscinas.","publisher":{"@id":"https:\/\/excavacionsdelacalle.com\/ca\/#organization"},"potentialAction":[{"@type":"SearchAction","target":{"@type":"EntryPoint","urlTemplate":"https:\/\/excavacionsdelacalle.com\/ca\/?s={search_term_string}"},"query-input":{"@type":"PropertyValueSpecification","valueRequired":true,"valueName":"search_term_string"}}],"inLanguage":"ca"},{"@type":"Organization","@id":"https:\/\/excavacionsdelacalle.com\/ca\/#organization","name":"Excavaciones de la calle","url":"https:\/\/excavacionsdelacalle.com\/ca\/","logo":{"@type":"ImageObject","inLanguage":"ca","@id":"https:\/\/excavacionsdelacalle.com\/ca\/#\/schema\/logo\/image\/","url":"https:\/\/excavacionsdelacalle.com\/wp-content\/uploads\/2022\/01\/logo-excavacions.png","contentUrl":"https:\/\/excavacionsdelacalle.com\/wp-content\/uploads\/2022\/01\/logo-excavacions.png","width":250,"height":77,"caption":"Excavaciones de la calle"},"image":{"@id":"https:\/\/excavacionsdelacalle.com\/ca\/#\/schema\/logo\/image\/"}}]}},"_links":{"self":[{"href":"https:\/\/excavacionsdelacalle.com\/ca\/wp-json\/wp\/v2\/pages\/493","targetHints":{"allow":["GET"]}}],"collection":[{"href":"https:\/\/excavacionsdelacalle.com\/ca\/wp-json\/wp\/v2\/pages"}],"about":[{"href":"https:\/\/excavacionsdelacalle.com\/ca\/wp-json\/wp\/v2\/types\/page"}],"author":[{"embeddable":true,"href":"https:\/\/excavacionsdelacalle.com\/ca\/wp-json\/wp\/v2\/users\/1"}],"replies":[{"embeddable":true,"href":"https:\/\/excavacionsdelacalle.com\/ca\/wp-json\/wp\/v2\/comments?post=493"}],"version-history":[{"count":3,"href":"https:\/\/excavacionsdelacalle.com\/ca\/wp-json\/wp\/v2\/pages\/493\/revisions"}],"predecessor-version":[{"id":689,"href":"https:\/\/excavacionsdelacalle.com\/ca\/wp-json\/wp\/v2\/pages\/493\/revisions\/689"}],"wp:attachment":[{"href":"https:\/\/excavacionsdelacalle.com\/ca\/wp-json\/wp\/v2\/media?parent=493"}],"curies":[{"name":"wp","href":"https:\/\/api.w.org\/{rel}","templated":true}]}}